{"id":1355,"date":"2020-09-10T15:40:30","date_gmt":"2020-09-10T15:40:30","guid":{"rendered":"http:\/\/www.ateliergauderique.com\/?page_id=1355"},"modified":"2023-10-23T10:02:34","modified_gmt":"2023-10-23T10:02:34","slug":"la-presse-article","status":"publish","type":"page","link":"https:\/\/www.ateliergauderique.com\/en\/la-presse-article","title":{"rendered":"Presse"},"content":{"rendered":"<p>[et_pb_section fb_built=&#8221;1&#8243; fullwidth=&#8221;on&#8221; _builder_version=&#8221;4.6.0&#8243; _module_preset=&#8221;default&#8221; background_color=&#8221;#ec7063&#8243; height=&#8221;5px&#8221; custom_margin=&#8221;5px||||false|false&#8221; custom_padding=&#8221;||||false|false&#8221; border_color_top=&#8221;#ffffff&#8221; border_style_top=&#8221;none&#8221; global_module=&#8221;1301&#8243; saved_tabs=&#8221;all&#8221; global_colors_info=&#8221;{}&#8221;][\/et_pb_section][et_pb_section fb_built=&#8221;1&#8243; _builder_version=&#8221;4.22.2&#8243; _module_preset=&#8221;default&#8221; global_colors_info=&#8221;{}&#8221;][et_pb_row _builder_version=&#8221;4.16&#8243; _module_preset=&#8221;default&#8221; global_colors_info=&#8221;{}&#8221;][et_pb_column type=&#8221;4_4&#8243; _builder_version=&#8221;4.16&#8243; _module_preset=&#8221;default&#8221; global_colors_info=&#8221;{}&#8221;][et_pb_text _builder_version=&#8221;4.16&#8243; _module_preset=&#8221;default&#8221; global_colors_info=&#8221;{}&#8221;]<\/p>\n<h2 style=\"text-align: right;\">Dans la presse<\/h2>\n<p>[\/et_pb_text][et_pb_divider color=&#8221;#dfb758&#8243; _builder_version=&#8221;4.16&#8243; _module_preset=&#8221;default&#8221; width=&#8221;90%&#8221; max_width=&#8221;90%&#8221; module_alignment=&#8221;right&#8221; global_colors_info=&#8221;{}&#8221;][\/et_pb_divider][\/et_pb_column][\/et_pb_row][\/et_pb_section][et_pb_section fb_built=&#8221;1&#8243; specialty=&#8221;on&#8221; _builder_version=&#8221;4.22.2&#8243; _module_preset=&#8221;default&#8221; custom_margin=&#8221;0px||0px||false|false&#8221; custom_padding=&#8221;0px||0px||false|false&#8221; global_colors_info=&#8221;{}&#8221;][et_pb_column type=&#8221;1_2&#8243; _builder_version=&#8221;4.16&#8243; custom_padding=&#8221;|||&#8221; global_colors_info=&#8221;{}&#8221; custom_padding__hover=&#8221;|||&#8221;][et_pb_image src=&#8221;https:\/\/www.ateliergauderique.com\/wp-content\/uploads\/2023\/10\/1698054463956-scaled.jpg&#8221; alt=&#8221;Le peintre des hauts sommets de %22La Montagne et Alpinisme%22<br \/>\nExtrait du dossier Gabriel Lopp\u00e9, le peintre des hauts sommets de %22La Montagne et Alpinisme%22<br \/>\ned.F\u00e9d\u00e9ration Fran\u00e7aise des Clubs Alpins et de Montagne<br \/>\nR\u00e9daction : Eliane Patriarca<br \/>\nPhotos @ Pascal Tournaire&#8221; title_text=&#8221;Atelier Gauderique Annecy&#8221; _builder_version=&#8221;4.22.2&#8243; _module_preset=&#8221;default&#8221; hover_enabled=&#8221;0&#8243; global_colors_info=&#8221;{}&#8221; sticky_enabled=&#8221;0&#8243;][\/et_pb_image][\/et_pb_column][et_pb_column type=&#8221;1_2&#8243; specialty_columns=&#8221;2&#8243; _builder_version=&#8221;4.16&#8243; custom_padding=&#8221;|||&#8221; global_colors_info=&#8221;{}&#8221; custom_padding__hover=&#8221;|||&#8221;][et_pb_row_inner _builder_version=&#8221;4.22.2&#8243; _module_preset=&#8221;default&#8221; global_colors_info=&#8221;{}&#8221;][et_pb_column_inner saved_specialty_column_type=&#8221;1_2&#8243; _builder_version=&#8221;4.22.2&#8243; _module_preset=&#8221;default&#8221; global_colors_info=&#8221;{}&#8221;][et_pb_text _builder_version=&#8221;4.22.2&#8243; _module_preset=&#8221;default&#8221; global_colors_info=&#8221;{}&#8221;]<\/p>\n<h2 style=\"text-align: right;\"><strong>Le peintre des hauts sommets de &#8220;La Montagne et Alpinisme&#8221;<\/strong><\/h2>\n<h4 style=\"text-align: right;\">Extrait du dossier Gabriel Lopp\u00e9, le peintre des hauts sommets de &#8220;La Montagne et Alpinisme&#8221;<br \/>ed.F\u00e9d\u00e9ration Fran\u00e7aise des Clubs Alpins et de Montagne<br \/>R\u00e9daction : Eliane Patriarca<br \/>Photos @ Pascal Tournaire<\/h4>\n<p>[\/et_pb_text][\/et_pb_column_inner][\/et_pb_row_inner][et_pb_row_inner column_structure=&#8221;1_2,1_2&#8243; _builder_version=&#8221;4.22.2&#8243; _module_preset=&#8221;default&#8221; global_colors_info=&#8221;{}&#8221;][et_pb_column_inner type=&#8221;1_2&#8243; saved_specialty_column_type=&#8221;1_2&#8243; _builder_version=&#8221;4.22.2&#8243; _module_preset=&#8221;default&#8221; global_colors_info=&#8221;{}&#8221;][et_pb_image src=&#8221;https:\/\/www.ateliergauderique.com\/wp-content\/uploads\/2023\/10\/1698054480964-scaled.jpg&#8221; alt=&#8221;Article de presse atelier gauderique annecy Extrait du dossier Gabriel Lopp\u00e9, le peintre des hauts sommets de%22La Montagne et Alpinisme%22<br \/>\ned.F\u00e9d\u00e9ration Fran\u00e7aise des Clubs Alpins et de Montagne&#8221; title_text=&#8221;Article de presse atelier gauderique annecy&#8221; _builder_version=&#8221;4.22.2&#8243; _module_preset=&#8221;default&#8221; hover_enabled=&#8221;0&#8243; global_colors_info=&#8221;{}&#8221; show_in_lightbox=&#8221;on&#8221; sticky_enabled=&#8221;0&#8243;][\/et_pb_image][\/et_pb_column_inner][et_pb_column_inner type=&#8221;1_2&#8243; saved_specialty_column_type=&#8221;1_2&#8243; _builder_version=&#8221;4.22.2&#8243; _module_preset=&#8221;default&#8221; global_colors_info=&#8221;{}&#8221;][et_pb_image src=&#8221;https:\/\/www.ateliergauderique.com\/wp-content\/uploads\/2023\/10\/1698054594261-scaled.jpg&#8221; alt=&#8221;Article de presse atelier gauderique annecy Extrait du dossier Gabriel Lopp\u00e9, le peintre des hauts sommets de%22La Montagne et Alpinisme%22<br \/>\ned.F\u00e9d\u00e9ration Fran\u00e7aise des Clubs Alpins et de Montagne&#8221; title_text=&#8221;Article de presse atelier gauderique annecy Extrait du dossier Gabriel Lopp\u00e9&#8221; _builder_version=&#8221;4.22.2&#8243; _module_preset=&#8221;default&#8221; hover_enabled=&#8221;0&#8243; global_colors_info=&#8221;{}&#8221; show_in_lightbox=&#8221;on&#8221; sticky_enabled=&#8221;0&#8243;][\/et_pb_image][\/et_pb_column_inner][\/et_pb_row_inner][\/et_pb_column][\/et_pb_section][et_pb_section fb_built=&#8221;1&#8243; admin_label=&#8221;section&#8221; _builder_version=&#8221;4.16&#8243; global_colors_info=&#8221;{}&#8221;][et_pb_row _builder_version=&#8221;4.16&#8243; _module_preset=&#8221;default&#8221; global_colors_info=&#8221;{}&#8221;][et_pb_column type=&#8221;4_4&#8243; _builder_version=&#8221;4.16&#8243; _module_preset=&#8221;default&#8221; global_colors_info=&#8221;{}&#8221;][et_pb_divider color=&#8221;#dfb758&#8243; _builder_version=&#8221;4.16&#8243; _module_preset=&#8221;default&#8221; width=&#8221;30%&#8221; max_width=&#8221;30%&#8221; module_alignment=&#8221;center&#8221; global_colors_info=&#8221;{}&#8221;][\/et_pb_divider][\/et_pb_column][\/et_pb_row][et_pb_row column_structure=&#8221;3_5,2_5&#8243; _builder_version=&#8221;4.16&#8243; _module_preset=&#8221;default&#8221; global_colors_info=&#8221;{}&#8221;][et_pb_column type=&#8221;3_5&#8243; _builder_version=&#8221;4.16&#8243; _module_preset=&#8221;default&#8221; global_colors_info=&#8221;{}&#8221;][et_pb_text _builder_version=&#8221;4.20.4&#8243; _module_preset=&#8221;default&#8221; global_colors_info=&#8221;{}&#8221;]<\/p>\n<h2 style=\"text-align: left;\"><strong>&#8211; L&#8217;offre D\u00e9co &#8211;<\/strong><\/h2>\n<h4 style=\"text-align: left;\"><strong>Article du Dauphin\u00e9, n\u00b0 5 juillet\/ao\u00fbt\/septembre 2019<\/strong><\/h4>\n<h4 style=\"text-align: left;\">&#8220;Gauderique de Vivie est conservatrice et restauratrice de peinture.<\/h4>\n<h4 style=\"text-align: left;\">Dans son atelier ann\u00e9cien, elle redonne vie \u00e0 des \u0153uvres vari\u00e9es tableaux, sculptures et objets.<\/h4>\n<h4 style=\"text-align: left;\">Des petits formats comme des grands qui n\u00e9cessitent minutie et concentration\u2026&#8221;<\/h4>\n<p>[\/et_pb_text][\/et_pb_column][et_pb_column type=&#8221;2_5&#8243; _builder_version=&#8221;4.16&#8243; _module_preset=&#8221;default&#8221; global_colors_info=&#8221;{}&#8221;][et_pb_image src=&#8221;https:\/\/www.ateliergauderique.com\/wp-content\/uploads\/2019\/07\/Dauphine\u0301.jpg&#8221; title_text=&#8221;Dauphine\u0301&#8221; show_in_lightbox=&#8221;on&#8221; _builder_version=&#8221;4.16&#8243; _module_preset=&#8221;default&#8221; global_colors_info=&#8221;{}&#8221;][\/et_pb_image][\/et_pb_column][\/et_pb_row][et_pb_row _builder_version=&#8221;4.16&#8243; _module_preset=&#8221;default&#8221; global_colors_info=&#8221;{}&#8221;][et_pb_column type=&#8221;4_4&#8243; _builder_version=&#8221;4.16&#8243; _module_preset=&#8221;default&#8221; global_colors_info=&#8221;{}&#8221;][et_pb_divider color=&#8221;#dfb758&#8243; _builder_version=&#8221;4.16&#8243; _module_preset=&#8221;default&#8221; width=&#8221;30%&#8221; max_width=&#8221;30%&#8221; module_alignment=&#8221;center&#8221; global_colors_info=&#8221;{}&#8221;][\/et_pb_divider][\/et_pb_column][\/et_pb_row][et_pb_row column_structure=&#8221;2_5,3_5&#8243; _builder_version=&#8221;4.16&#8243; _module_preset=&#8221;default&#8221; global_colors_info=&#8221;{}&#8221;][et_pb_column type=&#8221;2_5&#8243; _builder_version=&#8221;4.16&#8243; _module_preset=&#8221;default&#8221; global_colors_info=&#8221;{}&#8221;][et_pb_code _builder_version=&#8221;4.16&#8243; _module_preset=&#8221;default&#8221; global_colors_info=&#8221;{}&#8221;]<iframe loading=\"lazy\" src=\"\/\/www.youtube.com\/embed\/MsVK0NHuC4g\" width=\"400\" height=\"320\" allowfullscreen=\"allowfullscreen\"><\/iframe>[\/et_pb_code][\/et_pb_column][et_pb_column type=&#8221;3_5&#8243; _builder_version=&#8221;4.16&#8243; _module_preset=&#8221;default&#8221; global_colors_info=&#8221;{}&#8221;][et_pb_text _builder_version=&#8221;4.20.4&#8243; _module_preset=&#8221;default&#8221; global_colors_info=&#8221;{}&#8221;]<\/p>\n<h2 style=\"text-align: right;\"><strong>La Restauration en Vid\u00e9o<\/strong><\/h2>\n<h4 style=\"text-align: right;\"><\/h4>\n<h4 style=\"text-align: right;\">Reportage de France 3 r\u00e9gion du 29 Novembre 2018 : Femmes de l&#8217;Art.<\/h4>\n<h4 style=\"text-align: right;\">Pr\u00e9sentation du m\u00e9tier de Conservation et Restauration des peintures.<\/h4>\n<p>[\/et_pb_text][\/et_pb_column][\/et_pb_row][\/et_pb_section][et_pb_section fb_built=&#8221;1&#8243; _builder_version=&#8221;4.6.0&#8243; _module_preset=&#8221;default&#8221; background_color=&#8221;rgba(120,40,17,0.13)&#8221; global_module=&#8221;1302&#8243; saved_tabs=&#8221;all&#8221; global_colors_info=&#8221;{}&#8221;][et_pb_row _builder_version=&#8221;4.16&#8243; _module_preset=&#8221;default&#8221; global_colors_info=&#8221;{}&#8221;][et_pb_column type=&#8221;4_4&#8243; _builder_version=&#8221;4.16&#8243; _module_preset=&#8221;default&#8221; global_colors_info=&#8221;{}&#8221;][et_pb_contact_form use_spam_service=&#8221;on&#8221; recaptcha_list=&#8221;ateliergauderiquecom contact-0&#8243; title=&#8221;Formulaire de Contact&#8221; success_message=&#8221;Merci pour votre message&#8221; _builder_version=&#8221;4.22.2&#8243; _module_preset=&#8221;default&#8221; _unique_id=&#8221;d2604943-9767-4b4a-bfe2-dfc2a7ad20ed&#8221; form_field_background_color=&#8221;rgba(120,40,17,0.13)&#8221; form_field_text_color=&#8221;#5a0c1c&#8221; title_text_color=&#8221;#5a0c1c&#8221; captcha_font=&#8221;|700|||||||&#8221; captcha_text_color=&#8221;#474747&#8243; captcha_font_size=&#8221;20px&#8221; background_color=&#8221;rgba(0,0,0,0)&#8221; custom_button=&#8221;on&#8221; button_text_size=&#8221;20px&#8221; button_text_color=&#8221;#e09900&#8243; button_border_width=&#8221;4px&#8221; button_border_radius=&#8221;10px&#8221; button_letter_spacing=&#8221;3px&#8221; global_colors_info=&#8221;{}&#8221;][et_pb_contact_field field_id=&#8221;Name&#8221; field_title=&#8221;Nom&#8221; _builder_version=&#8221;4.16&#8243; global_colors_info=&#8221;{}&#8221; button_text_size__hover_enabled=&#8221;off&#8221; button_one_text_size__hover_enabled=&#8221;off&#8221; button_two_text_size__hover_enabled=&#8221;off&#8221; button_text_color__hover_enabled=&#8221;off&#8221; button_one_text_color__hover_enabled=&#8221;off&#8221; button_two_text_color__hover_enabled=&#8221;off&#8221; button_border_width__hover_enabled=&#8221;off&#8221; button_one_border_width__hover_enabled=&#8221;off&#8221; button_two_border_width__hover_enabled=&#8221;off&#8221; button_border_color__hover_enabled=&#8221;off&#8221; button_one_border_color__hover_enabled=&#8221;off&#8221; button_two_border_color__hover_enabled=&#8221;off&#8221; button_border_radius__hover_enabled=&#8221;off&#8221; button_one_border_radius__hover_enabled=&#8221;off&#8221; button_two_border_radius__hover_enabled=&#8221;off&#8221; button_letter_spacing__hover_enabled=&#8221;off&#8221; button_one_letter_spacing__hover_enabled=&#8221;off&#8221; button_two_letter_spacing__hover_enabled=&#8221;off&#8221; button_bg_color__hover_enabled=&#8221;off&#8221; button_one_bg_color__hover_enabled=&#8221;off&#8221; button_two_bg_color__hover_enabled=&#8221;off&#8221;][\/et_pb_contact_field][et_pb_contact_field field_id=&#8221;Email&#8221; field_title=&#8221;Adresse e-mail&#8221; field_type=&#8221;email&#8221; _builder_version=&#8221;4.16&#8243; global_colors_info=&#8221;{}&#8221; button_text_size__hover_enabled=&#8221;off&#8221; button_one_text_size__hover_enabled=&#8221;off&#8221; button_two_text_size__hover_enabled=&#8221;off&#8221; button_text_color__hover_enabled=&#8221;off&#8221; button_one_text_color__hover_enabled=&#8221;off&#8221; button_two_text_color__hover_enabled=&#8221;off&#8221; button_border_width__hover_enabled=&#8221;off&#8221; button_one_border_width__hover_enabled=&#8221;off&#8221; button_two_border_width__hover_enabled=&#8221;off&#8221; button_border_color__hover_enabled=&#8221;off&#8221; button_one_border_color__hover_enabled=&#8221;off&#8221; button_two_border_color__hover_enabled=&#8221;off&#8221; button_border_radius__hover_enabled=&#8221;off&#8221; button_one_border_radius__hover_enabled=&#8221;off&#8221; button_two_border_radius__hover_enabled=&#8221;off&#8221; button_letter_spacing__hover_enabled=&#8221;off&#8221; button_one_letter_spacing__hover_enabled=&#8221;off&#8221; button_two_letter_spacing__hover_enabled=&#8221;off&#8221; button_bg_color__hover_enabled=&#8221;off&#8221; button_one_bg_color__hover_enabled=&#8221;off&#8221; button_two_bg_color__hover_enabled=&#8221;off&#8221;][\/et_pb_contact_field][et_pb_contact_field field_id=&#8221;Message&#8221; field_title=&#8221;Message&#8221; field_type=&#8221;text&#8221; fullwidth_field=&#8221;on&#8221; _builder_version=&#8221;4.16&#8243; global_colors_info=&#8221;{}&#8221; button_text_size__hover_enabled=&#8221;off&#8221; button_one_text_size__hover_enabled=&#8221;off&#8221; button_two_text_size__hover_enabled=&#8221;off&#8221; button_text_color__hover_enabled=&#8221;off&#8221; button_one_text_color__hover_enabled=&#8221;off&#8221; button_two_text_color__hover_enabled=&#8221;off&#8221; button_border_width__hover_enabled=&#8221;off&#8221; button_one_border_width__hover_enabled=&#8221;off&#8221; button_two_border_width__hover_enabled=&#8221;off&#8221; button_border_color__hover_enabled=&#8221;off&#8221; button_one_border_color__hover_enabled=&#8221;off&#8221; button_two_border_color__hover_enabled=&#8221;off&#8221; button_border_radius__hover_enabled=&#8221;off&#8221; button_one_border_radius__hover_enabled=&#8221;off&#8221; button_two_border_radius__hover_enabled=&#8221;off&#8221; button_letter_spacing__hover_enabled=&#8221;off&#8221; button_one_letter_spacing__hover_enabled=&#8221;off&#8221; button_two_letter_spacing__hover_enabled=&#8221;off&#8221; button_bg_color__hover_enabled=&#8221;off&#8221; button_one_bg_color__hover_enabled=&#8221;off&#8221; button_two_bg_color__hover_enabled=&#8221;off&#8221;][\/et_pb_contact_field][\/et_pb_contact_form][\/et_pb_column][\/et_pb_row][\/et_pb_section]<\/p>\n","protected":false},"excerpt":{"rendered":"<p>Dans la presseLe peintre des hauts sommets de &#8220;La Montagne et Alpinisme&#8221; Extrait du dossier Gabriel Lopp\u00e9, le peintre des hauts sommets de &#8220;La Montagne et Alpinisme&#8221;ed.F\u00e9d\u00e9ration Fran\u00e7aise des Clubs Alpins et de MontagneR\u00e9daction : Eliane PatriarcaPhotos @ Pascal Tournaire- L&#8217;offre D\u00e9co &#8211; Article du Dauphin\u00e9, n\u00b0 5 juillet\/ao\u00fbt\/septembre 2019 &#8220;Gauderique de Vivie est conservatrice [&hellip;]<\/p>\n","protected":false},"author":3,"featured_media":407,"parent":0,"menu_order":0,"comment_status":"closed","ping_status":"closed","template":"","meta":{"_et_pb_use_builder":"on","_et_pb_old_content":"<p>&nbsp;<\/p>\r\n<p>&nbsp;<\/p>\r\n<table style=\"width: 100%;\" cellpadding=\"15\">\r\n<tbody>\r\n<tr>\r\n<td style=\"width: 60%;\">\r\n<h5 style=\"text-align: justify;\"><strong>- L'offre D\u00e9co -<\/strong><\/h5>\r\n<h5 style=\"text-align: justify;\"><strong>Article du Dauphin\u00e9, n\u00b0 5 juillet\/ao\u00fbt\/septembre 2019<\/strong><\/h5>\r\n<h5 style=\"text-align: justify;\">\"Gauderique de Vivie est conservatrice et restauratrice de peinture. Dans son atelier ann\u00e9cien, elle redonne vie \u00e0 des \u0153uvres vari\u00e9es tableaux, sculptures et objets. Des petits formats comme des grands qui n\u00e9cessitent minutie et concentration\u2026\"<\/h5>\r\n<p>&nbsp;<\/p>\r\n<\/td>\r\n<td style=\"width: 40%;\"><a href=\"https:\/\/www.ateliergauderique.com\/wp-content\/uploads\/2019\/07\/Dauphine\u0301.jpg\"><img class=\"aligncenter wp-image-1244\" src=\"https:\/\/www.ateliergauderique.com\/wp-content\/uploads\/2019\/07\/Dauphine\u0301-300x212.jpg\" alt=\"\" width=\"400\" height=\"283\" \/><\/a><\/td>\r\n<\/tr>\r\n<\/tbody>\r\n<\/table>\r\n<p>&nbsp;<\/p>\r\n<table style=\"width: 100%;\" cellpadding=\"15\">\r\n<tbody>\r\n<tr>\r\n<td style=\"width: 35%;\"><iframe src=\"\/\/www.youtube.com\/embed\/MsVK0NHuC4g\" width=\"400\" height=\"320\" allowfullscreen=\"allowfullscreen\"><span data-mce-type=\"bookmark\" style=\"display: inline-block; width: 0px; overflow: hidden; line-height: 0;\" class=\"mce_SELRES_start\">\ufeff<\/span><span data-mce-type=\"bookmark\" style=\"display: inline-block; width: 0px; overflow: hidden; line-height: 0;\" class=\"mce_SELRES_start\">\ufeff<\/span><\/iframe><\/td>\r\n<td style=\"width: 65%;\">\r\n<h5 style=\"text-align: right;\"><strong>La Restauration en Vid\u00e9o<\/strong><\/h5>\r\n<h5 style=\"text-align: right;\">Reportage de France 3 r\u00e9gion du 29 Novembre 2018 : Femmes de l'Art<\/h5>\r\n<h5 style=\"text-align: right;\">Pr\u00e9sentation du m\u00e9tier de Conservation et Restauration des peintures.<\/h5>\r\n<h5 style=\"text-align: justify;\">\u00a0<\/h5>\r\n<\/td>\r\n<\/tr>\r\n<\/tbody>\r\n<\/table>","_et_gb_content_width":"","footnotes":""},"class_list":["post-1355","page","type-page","status-publish","has-post-thumbnail","hentry"],"_links":{"self":[{"href":"https:\/\/www.ateliergauderique.com\/en\/wp-json\/wp\/v2\/pages\/1355","targetHints":{"allow":["GET"]}}],"collection":[{"href":"https:\/\/www.ateliergauderique.com\/en\/wp-json\/wp\/v2\/pages"}],"about":[{"href":"https:\/\/www.ateliergauderique.com\/en\/wp-json\/wp\/v2\/types\/page"}],"author":[{"embeddable":true,"href":"https:\/\/www.ateliergauderique.com\/en\/wp-json\/wp\/v2\/users\/3"}],"replies":[{"embeddable":true,"href":"https:\/\/www.ateliergauderique.com\/en\/wp-json\/wp\/v2\/comments?post=1355"}],"version-history":[{"count":5,"href":"https:\/\/www.ateliergauderique.com\/en\/wp-json\/wp\/v2\/pages\/1355\/revisions"}],"predecessor-version":[{"id":1443,"href":"https:\/\/www.ateliergauderique.com\/en\/wp-json\/wp\/v2\/pages\/1355\/revisions\/1443"}],"wp:featuredmedia":[{"embeddable":true,"href":"https:\/\/www.ateliergauderique.com\/en\/wp-json\/wp\/v2\/media\/407"}],"wp:attachment":[{"href":"https:\/\/www.ateliergauderique.com\/en\/wp-json\/wp\/v2\/media?parent=1355"}],"curies":[{"name":"wp","href":"https:\/\/api.w.org\/{rel}","templated":true}]}}