{"id":324,"date":"2015-12-03T18:10:50","date_gmt":"2015-12-03T18:10:50","guid":{"rendered":"http:\/\/gauderique.wepc.fr\/?page_id=324"},"modified":"2023-09-14T11:55:50","modified_gmt":"2023-09-14T11:55:50","slug":"nos-partenaires","status":"publish","type":"page","link":"https:\/\/www.ateliergauderique.com\/en\/nos-partenaires","title":{"rendered":"(Fran\u00e7ais) Nos partenaires"},"content":{"rendered":"<p>[et_pb_section fb_built=&#8221;1&#8243; _builder_version=&#8221;4.16&#8243; global_colors_info=&#8221;{}&#8221;][et_pb_row _builder_version=&#8221;4.16&#8243; _module_preset=&#8221;default&#8221; global_colors_info=&#8221;{}&#8221;][et_pb_column type=&#8221;4_4&#8243; _builder_version=&#8221;4.16&#8243; _module_preset=&#8221;default&#8221; global_colors_info=&#8221;{}&#8221;][et_pb_text _builder_version=&#8221;4.20.4&#8243; _module_preset=&#8221;default&#8221; custom_margin=&#8221;50px||50px|||&#8221; global_colors_info=&#8221;{}&#8221;]<\/p>\n<h4>Depuis pr\u00e8s de 18 ans d&#8217;activit\u00e9 au sein de l&#8217;atelier, j&#8217;ai d\u00e9velopp\u00e9 une client\u00e8le de particuliers, chineurs occasionnels ou collectionneurs, de gal\u00e9ristes, et de collectivit\u00e9s.<\/h4>\n<h4>Mes ann\u00e9es d&#8217;exp\u00e9rience me permettent de cerner au mieux les besoins de mes clients. Je travaille donc en relation avec de nombreux partenaires encadreurs, \u00e9b\u00e9nistes et galeries d&#8217;art.<\/h4>\n<p>[\/et_pb_text][\/et_pb_column][\/et_pb_row][et_pb_row column_structure=&#8221;3_4,1_4&#8243; _builder_version=&#8221;4.16&#8243; background_color=&#8221;rgba(214,214,214,0.51)&#8221; background_size=&#8221;initial&#8221; background_position=&#8221;top_left&#8221; background_repeat=&#8221;repeat&#8221; custom_padding=&#8221;10px|10px|10px|10px|false|false&#8221; global_colors_info=&#8221;{}&#8221;][et_pb_column type=&#8221;3_4&#8243; _builder_version=&#8221;4.16&#8243; custom_padding=&#8221;|||&#8221; global_colors_info=&#8221;{}&#8221; custom_padding__hover=&#8221;|||&#8221;][et_pb_text _builder_version=&#8221;4.20.4&#8243; _module_preset=&#8221;default&#8221; global_colors_info=&#8221;{}&#8221;]<\/p>\n<h4>LABOVERT : Nettoyants et solvants \u00e9co-responsables non-CMR, non inflammables, adapt\u00e9s aux objets d&#8217;art. Issus de composants renouvelables et recyclables.<\/h4>\n<p>[\/et_pb_text][\/et_pb_column][et_pb_column type=&#8221;1_4&#8243; _builder_version=&#8221;4.16&#8243; custom_padding=&#8221;|||&#8221; global_colors_info=&#8221;{}&#8221; custom_padding__hover=&#8221;|||&#8221;][et_pb_image src=&#8221;https:\/\/www.ateliergauderique.com\/wp-content\/uploads\/2020\/09\/logo-partenaire-utilisateur-01-1.png&#8221; title_text=&#8221;logo partenaire utilisateur&#8221; _builder_version=&#8221;4.16&#8243; _module_preset=&#8221;default&#8221; global_colors_info=&#8221;{}&#8221;][\/et_pb_image][\/et_pb_column][\/et_pb_row][et_pb_row _builder_version=&#8221;4.16&#8243; _module_preset=&#8221;default&#8221; global_colors_info=&#8221;{}&#8221;][et_pb_column type=&#8221;4_4&#8243; _builder_version=&#8221;4.16&#8243; _module_preset=&#8221;default&#8221; global_colors_info=&#8221;{}&#8221;][et_pb_divider color=&#8221;#8f8f8f&#8221; divider_position=&#8221;center&#8221; divider_weight=&#8221;1px&#8221; _builder_version=&#8221;4.16&#8243; _module_preset=&#8221;default&#8221; width=&#8221;90%&#8221; max_width=&#8221;90%&#8221; module_alignment=&#8221;center&#8221; global_colors_info=&#8221;{}&#8221;][\/et_pb_divider][\/et_pb_column][\/et_pb_row][et_pb_row column_structure=&#8221;3_4,1_4&#8243; _builder_version=&#8221;4.22.1&#8243; background_color=&#8221;rgba(183,186,230,0.5)&#8221; background_size=&#8221;initial&#8221; background_position=&#8221;top_left&#8221; background_repeat=&#8221;repeat&#8221; custom_padding=&#8221;10px|10px|10px|10px|false|false&#8221; global_colors_info=&#8221;{}&#8221;][et_pb_column type=&#8221;3_4&#8243; _builder_version=&#8221;4.16&#8243; custom_padding=&#8221;|||&#8221; global_colors_info=&#8221;{}&#8221; custom_padding__hover=&#8221;|||&#8221;][et_pb_text _builder_version=&#8221;4.22.1&#8243; _module_preset=&#8221;default&#8221; global_colors_info=&#8221;{}&#8221;]<\/p>\n<h4>L\u2019\u0153uvre peinte de Gabriel Lopp\u00e9 s\u2019inscrit dans la tradition de la peinture de montagne, mais \u00e0 l\u2019\u00e9poque o\u00f9 il d\u00e9bute sa carri\u00e8re, il fait figure de novateur. En effet au XIXe si\u00e8cle, la peinture de paysage est surtout le fait de l\u2019\u00c9cole suisse, dont le support privil\u00e9gi\u00e9 est la gravure, les albums de vues repr\u00e9sentant les paysages de la Suisse et de la Savoie.<\/h4>\n<h4><a href=\"http:\/\/www.gabrielloppe.com\"><span style=\"color: #808000;\">www.gabrielloppe.com<\/span><\/a><\/h4>\n<p>[\/et_pb_text][\/et_pb_column][et_pb_column type=&#8221;1_4&#8243; _builder_version=&#8221;4.16&#8243; custom_padding=&#8221;|||&#8221; global_colors_info=&#8221;{}&#8221; custom_padding__hover=&#8221;|||&#8221;][et_pb_image src=&#8221;https:\/\/www.ateliergauderique.com\/wp-content\/uploads\/2023\/09\/Les-amis-de-Gabriel-LOPPE.png&#8221; alt=&#8221;Les amis de Gabriel LOPPE atelier gauderique annecy restauration peinture oeuvre art&#8221; title_text=&#8221;Les amis de Gabriel LOPPE&#8221; _builder_version=&#8221;4.22.1&#8243; _module_preset=&#8221;default&#8221; global_colors_info=&#8221;{}&#8221;][\/et_pb_image][\/et_pb_column][\/et_pb_row][et_pb_row _builder_version=&#8221;4.16&#8243; _module_preset=&#8221;default&#8221; global_colors_info=&#8221;{}&#8221;][et_pb_column type=&#8221;4_4&#8243; _builder_version=&#8221;4.16&#8243; _module_preset=&#8221;default&#8221; global_colors_info=&#8221;{}&#8221;][et_pb_divider color=&#8221;#8f8f8f&#8221; divider_position=&#8221;center&#8221; divider_weight=&#8221;1px&#8221; _builder_version=&#8221;4.16&#8243; _module_preset=&#8221;default&#8221; width=&#8221;90%&#8221; max_width=&#8221;90%&#8221; module_alignment=&#8221;center&#8221; global_colors_info=&#8221;{}&#8221;][\/et_pb_divider][\/et_pb_column][\/et_pb_row][et_pb_row column_structure=&#8221;3_4,1_4&#8243; _builder_version=&#8221;4.16&#8243; background_color=&#8221;rgba(214,214,214,0.21)&#8221; background_size=&#8221;initial&#8221; background_position=&#8221;top_left&#8221; background_repeat=&#8221;repeat&#8221; custom_padding=&#8221;10px|10px|10px|10px|false|false&#8221; global_colors_info=&#8221;{}&#8221;][et_pb_column type=&#8221;3_4&#8243; _builder_version=&#8221;4.16&#8243; custom_padding=&#8221;|||&#8221; global_colors_info=&#8221;{}&#8221; custom_padding__hover=&#8221;|||&#8221;][et_pb_text _builder_version=&#8221;4.16&#8243; _module_preset=&#8221;default&#8221; global_colors_info=&#8221;{}&#8221;]<\/p>\n<h4>Laurent Jornod, Atelier de restauration de tableaux, fresques, peintures murales, conservation de la pierre.<\/h4>\n<h4><a href=\"http:\/\/www.art-restauration.ch\/\" target=\"_blank\" saferedirecturl=\"https:\/\/www.google.com\/url?q=http:\/\/www.art-restauration.ch&amp;source=gmail&amp;ust=1458571936573000&amp;usg=AFQjCNFfBQtXmarDmYEsNGzrlyLz5MGdRg\" rel=\"noopener noreferrer\">www.art-restauration.ch<\/a><\/h4>\n<p>[\/et_pb_text][\/et_pb_column][et_pb_column type=&#8221;1_4&#8243; _builder_version=&#8221;4.16&#8243; custom_padding=&#8221;|||&#8221; global_colors_info=&#8221;{}&#8221; custom_padding__hover=&#8221;|||&#8221;][et_pb_image src=&#8221;https:\/\/www.ateliergauderique.com\/wp-content\/uploads\/2015\/12\/www.art-restauration.ch_.png&#8221; alt=&#8221;Laurent Jornod, Atelier de restauration de tableaux, fresques, peintures murales, conservation de la pierre.<br \/>\nwww.art-restauration.ch&#8221; title_text=&#8221;www.art-restauration.ch&#8221; _builder_version=&#8221;4.22.1&#8243; _module_preset=&#8221;default&#8221; global_colors_info=&#8221;{}&#8221;][\/et_pb_image][\/et_pb_column][\/et_pb_row][et_pb_row _builder_version=&#8221;4.16&#8243; _module_preset=&#8221;default&#8221; global_colors_info=&#8221;{}&#8221;][et_pb_column type=&#8221;4_4&#8243; _builder_version=&#8221;4.16&#8243; _module_preset=&#8221;default&#8221; global_colors_info=&#8221;{}&#8221;][et_pb_divider color=&#8221;#8f8f8f&#8221; divider_position=&#8221;center&#8221; divider_weight=&#8221;1px&#8221; _builder_version=&#8221;4.16&#8243; _module_preset=&#8221;default&#8221; width=&#8221;90%&#8221; max_width=&#8221;90%&#8221; module_alignment=&#8221;center&#8221; global_colors_info=&#8221;{}&#8221;][\/et_pb_divider][\/et_pb_column][\/et_pb_row][et_pb_row column_structure=&#8221;3_4,1_4&#8243; _builder_version=&#8221;4.16&#8243; background_color=&#8221;rgba(214,214,214,0.21)&#8221; background_size=&#8221;initial&#8221; background_position=&#8221;top_left&#8221; background_repeat=&#8221;repeat&#8221; custom_padding=&#8221;10px|10px|10px|10px|false|false&#8221; global_colors_info=&#8221;{}&#8221;][et_pb_column type=&#8221;3_4&#8243; _builder_version=&#8221;4.16&#8243; custom_padding=&#8221;|||&#8221; global_colors_info=&#8221;{}&#8221; custom_padding__hover=&#8221;|||&#8221;][et_pb_text _builder_version=&#8221;4.16&#8243; _module_preset=&#8221;default&#8221; global_colors_info=&#8221;{}&#8221;]<\/p>\n<h4>A Meythet Annecy, des encadrements de tous les styles, pour tous les go\u00fbts, pour tous les budgets.<\/h4>\n<h4><a href=\"http:\/\/www.adcadre.com\/\" target=\"_blank\" data-saferedirecturl=\"https:\/\/www.google.com\/url?q=http:\/\/www.adcadre.com&amp;source=gmail&amp;ust=1458571936573000&amp;usg=AFQjCNFOJQEBfjp6jKPW4LxL315r_B7G2A\" rel=\"noopener noreferrer\">www.adcadre.com<\/a><\/h4>\n<p>[\/et_pb_text][\/et_pb_column][et_pb_column type=&#8221;1_4&#8243; _builder_version=&#8221;4.16&#8243; custom_padding=&#8221;|||&#8221; global_colors_info=&#8221;{}&#8221; custom_padding__hover=&#8221;|||&#8221;][et_pb_image src=&#8221;https:\/\/www.ateliergauderique.com\/wp-content\/uploads\/2015\/12\/www.adcadre.com_.png&#8221; alt=&#8221;A Meythet Annecy, des encadrements de tous les styles, pour tous les go\u00fbts, pour tous les budgets.<br \/>\nwww.adcadre.com&#8221; title_text=&#8221;www.adcadre.com&#8221; _builder_version=&#8221;4.22.1&#8243; _module_preset=&#8221;default&#8221; global_colors_info=&#8221;{}&#8221;][\/et_pb_image][\/et_pb_column][\/et_pb_row][et_pb_row _builder_version=&#8221;4.16&#8243; _module_preset=&#8221;default&#8221; global_colors_info=&#8221;{}&#8221;][et_pb_column type=&#8221;4_4&#8243; _builder_version=&#8221;4.16&#8243; _module_preset=&#8221;default&#8221; global_colors_info=&#8221;{}&#8221;][et_pb_divider color=&#8221;#8f8f8f&#8221; divider_position=&#8221;center&#8221; divider_weight=&#8221;1px&#8221; _builder_version=&#8221;4.16&#8243; _module_preset=&#8221;default&#8221; width=&#8221;90%&#8221; max_width=&#8221;90%&#8221; module_alignment=&#8221;center&#8221; global_colors_info=&#8221;{}&#8221;][\/et_pb_divider][\/et_pb_column][\/et_pb_row][et_pb_row column_structure=&#8221;3_4,1_4&#8243; _builder_version=&#8221;4.16&#8243; background_color=&#8221;rgba(214,214,214,0.21)&#8221; background_size=&#8221;initial&#8221; background_position=&#8221;top_left&#8221; background_repeat=&#8221;repeat&#8221; custom_padding=&#8221;10px|10px|10px|10px|false|false&#8221; global_colors_info=&#8221;{}&#8221;][et_pb_column type=&#8221;3_4&#8243; _builder_version=&#8221;4.16&#8243; custom_padding=&#8221;|||&#8221; global_colors_info=&#8221;{}&#8221; custom_padding__hover=&#8221;|||&#8221;][et_pb_text _builder_version=&#8221;4.20.4&#8243; _module_preset=&#8221;default&#8221; global_colors_info=&#8221;{}&#8221;]<\/p>\n<h4>\u00a0<\/h4>\n<h4>L\u2019atelier boutique \u00ab Cadre a Part \u00bb, situ\u00e9 en c\u0153ur d\u2019Annecy, vous accueille pour vous conseiller et \u00e9tudier vos projets d\u2019encadrement.<\/h4>\n<h4><a href=\"http:\/\/www.cadre-a-part-annecy.fr\/\" target=\"_blank\" rel=\"noopener noreferrer\">www.cadre-a-part-annecy.fr<\/a><\/h4>\n<p>[\/et_pb_text][\/et_pb_column][et_pb_column type=&#8221;1_4&#8243; _builder_version=&#8221;4.16&#8243; custom_padding=&#8221;|||&#8221; global_colors_info=&#8221;{}&#8221; custom_padding__hover=&#8221;|||&#8221;][et_pb_image src=&#8221;https:\/\/www.ateliergauderique.com\/wp-content\/uploads\/2015\/12\/cadreapart.wepc_.fr_.png&#8221; alt=&#8221;L\u2019atelier boutique \u00ab Cadre a Part \u00bb, situ\u00e9 en c\u0153ur d\u2019Annecy, vous accueille pour vous conseiller et \u00e9tudier vos projets d\u2019encadrement. www.cadre-a-part-annecy.fr&#8221; title_text=&#8221;cadreapart.wepc.fr&#8221; _builder_version=&#8221;4.22.1&#8243; _module_preset=&#8221;default&#8221; global_colors_info=&#8221;{}&#8221;][\/et_pb_image][\/et_pb_column][\/et_pb_row][et_pb_row _builder_version=&#8221;4.16&#8243; _module_preset=&#8221;default&#8221; global_colors_info=&#8221;{}&#8221;][et_pb_column type=&#8221;4_4&#8243; _builder_version=&#8221;4.16&#8243; _module_preset=&#8221;default&#8221; global_colors_info=&#8221;{}&#8221;][et_pb_divider color=&#8221;#8f8f8f&#8221; divider_position=&#8221;center&#8221; divider_weight=&#8221;1px&#8221; _builder_version=&#8221;4.16&#8243; _module_preset=&#8221;default&#8221; width=&#8221;90%&#8221; max_width=&#8221;90%&#8221; module_alignment=&#8221;center&#8221; global_colors_info=&#8221;{}&#8221;][\/et_pb_divider][\/et_pb_column][\/et_pb_row][et_pb_row column_structure=&#8221;3_4,1_4&#8243; _builder_version=&#8221;4.16&#8243; background_color=&#8221;rgba(214,214,214,0.21)&#8221; background_size=&#8221;initial&#8221; background_position=&#8221;top_left&#8221; background_repeat=&#8221;repeat&#8221; custom_padding=&#8221;10px|10px|10px|10px|false|false&#8221; global_colors_info=&#8221;{}&#8221;][et_pb_column type=&#8221;3_4&#8243; _builder_version=&#8221;4.16&#8243; custom_padding=&#8221;|||&#8221; global_colors_info=&#8221;{}&#8221; custom_padding__hover=&#8221;|||&#8221;][et_pb_text _builder_version=&#8221;4.20.4&#8243; _module_preset=&#8221;default&#8221; global_colors_info=&#8221;{}&#8221;]<\/p>\n<h4>La Galerie CHX Design, g\u00e9r\u00e9e par Lo\u00efc Lucas \u00e0 Chamonix, vous pr\u00e9sente chaque jour les plus belles oeuvres en rapport avec la montagne.<\/h4>\n<h4><a href=\"http:\/\/www.loic-lucas.com\" target=\"_blank\" rel=\"noopener noreferrer\">www.loic-lucas.com<\/a><\/h4>\n<p>[\/et_pb_text][\/et_pb_column][et_pb_column type=&#8221;1_4&#8243; _builder_version=&#8221;4.16&#8243; custom_padding=&#8221;|||&#8221; global_colors_info=&#8221;{}&#8221; custom_padding__hover=&#8221;|||&#8221;][et_pb_image src=&#8221;https:\/\/www.ateliergauderique.com\/wp-content\/uploads\/2015\/12\/Capture-d\u2019e\u0301cran-2016-03-24-a\u0300-16.26.33.png&#8221; alt=&#8221;La Galerie CHX Design, g\u00e9r\u00e9e par Lo\u00efc Lucas \u00e0 Chamonix, vous pr\u00e9sente chaque jour les plus belles oeuvres en rapport avec la montagne.<br \/>\nwww.loic-lucas.com&#8221; title_text=&#8221;loic lucas&#8221; _builder_version=&#8221;4.22.1&#8243; _module_preset=&#8221;default&#8221; global_colors_info=&#8221;{}&#8221;][\/et_pb_image][\/et_pb_column][\/et_pb_row][\/et_pb_section]<\/p>\n","protected":false},"excerpt":{"rendered":"<p>Depuis pr\u00e8s de 18 ans d&#8217;activit\u00e9 au sein de l&#8217;atelier, j&#8217;ai d\u00e9velopp\u00e9 une client\u00e8le de particuliers, chineurs occasionnels ou collectionneurs, de gal\u00e9ristes, et de collectivit\u00e9s. Mes ann\u00e9es d&#8217;exp\u00e9rience me permettent de cerner au mieux les besoins de mes clients. Je travaille donc en relation avec de nombreux partenaires encadreurs, \u00e9b\u00e9nistes et galeries d&#8217;art.LABOVERT : Nettoyants [&hellip;]<\/p>\n","protected":false},"author":3,"featured_media":0,"parent":0,"menu_order":0,"comment_status":"closed","ping_status":"closed","template":"","meta":{"_et_pb_use_builder":"on","_et_pb_old_content":"<h5>Depuis pr\u00e8s de 15 ans d'activit\u00e9 au sein de l'atelier, j'ai d\u00e9velopp\u00e9 une client\u00e8le de particuliers, chineurs occasionnels ou collectionneurs, de galeristes, et de collectivit\u00e9s.&nbsp;<\/h5>\n<h5>Mes ann\u00e9es d'exp\u00e9rience me permettent de cerner au mieux les besoins de mes clients. Je travaille donc en relation avec de nombreux partenaires encadreurs, \u00e9b\u00e9nistes et galeries d'art.<\/h5>\n<h5>&nbsp;<\/h5>\n<h5 style=\"text-align: justify;\">&nbsp;<\/h5>\n<table class=\" alignleft\" style=\"background-color: #f7f7f7;\" cellpadding=\"15\">\n<tbody>\n<tr>\n<td>\n<h5>Laurent Jornod, Atelier de restauration de tableaux, fresques, peintures murales, conservation de la pierre.<\/h5>\n<h5><a href=\"http:\/\/www.art-restauration.ch\/\" target=\"_blank\" saferedirecturl=\"https:\/\/www.google.com\/url?q=http:\/\/www.art-restauration.ch&amp;source=gmail&amp;ust=1458571936573000&amp;usg=AFQjCNFfBQtXmarDmYEsNGzrlyLz5MGdRg\">www.art-restauration.ch<\/a><\/h5>\n<\/td>\n<td>\n<h5><a href=\"http:\/\/www.art-restauration.ch\/\" rel=\"attachment wp-att-856\"><img class=\"aligncenter\" src=\"https:\/\/www.ateliergauderique.com\/wp-content\/uploads\/2015\/12\/www.art-restauration.ch_-300x225.png\" alt=\"www.art-restauration.ch\" width=\"300\" height=\"225\"><\/a><\/h5>\n<\/td>\n<\/tr>\n<tr>\n<td>\n<h5>A Meythet Annecy, des encadrements de tous les styles, pour tous les go\u00fbts, pour tous les budgets.<\/h5>\n<h5><a href=\"http:\/\/www.adcadre.com\/\" target=\"_blank\" data-saferedirecturl=\"https:\/\/www.google.com\/url?q=http:\/\/www.adcadre.com&amp;source=gmail&amp;ust=1458571936573000&amp;usg=AFQjCNFOJQEBfjp6jKPW4LxL315r_B7G2A\">www.adcadre.com<\/a><\/h5>\n<\/td>\n<td>\n<h5><a href=\"http:\/\/www.adcadre.com\/\" rel=\"attachment wp-att-857\"><img class=\"aligncenter\" src=\"https:\/\/www.ateliergauderique.com\/wp-content\/uploads\/2015\/12\/www.adcadre.com_-300x225.png\" alt=\"www.adcadre.com\" width=\"300\" height=\"225\"><\/a><\/h5>\n<\/td>\n<\/tr>\n<tr>\n<td>\n<h5>L\u2019atelier boutique \u00ab Cadre a Part \u00bb, situ\u00e9 en c\u0153ur d\u2019Annecy, vous accueille pour vous conseiller et \u00e9tudier vos projets d\u2019encadrement.<\/h5>\n<h5><a href=\"http:\/\/www.cadre-a-part-annecy.fr\/\" target=\"_blank\">www.cadre-a-part-annecy.fr<\/a><\/h5>\n<\/td>\n<td>\n<h5><a href=\"http:\/\/www.cadre-a-part-annecy.fr\/\" rel=\"attachment wp-att-865\"><img class=\"aligncenter\" src=\"https:\/\/www.ateliergauderique.com\/wp-content\/uploads\/2015\/12\/cadreapart.wepc_.fr_.png\" alt=\"cadreapart.wepc.fr\" width=\"300\" height=\"225\"><\/a><\/h5>\n<\/td>\n<\/tr>\n<tr>\n<td>\n<h5>\u00c9b\u00e9niste depuis 13 ans, Artsens exerce les deux facettes de son&nbsp;m\u00e9tier avec passion : La restauration des meubles dans le respect de la tradition et&nbsp;la cr\u00e9ation de nouveaux projets en apposant sa&nbsp;signature.<\/h5>\n<h5><a href=\"http:\/\/www.artsen.fr\" target=\"_blank\">www.artsen.fr<\/a><\/h5>\n<\/td>\n<td>\n<h5><a href=\"http:\/\/www.artsen.fr\" rel=\"attachment wp-att-889\"><img class=\"aligncenter\" src=\"https:\/\/www.ateliergauderique.com\/wp-content\/uploads\/2015\/12\/Capture-d\u2019e\u0301cran-2016-03-24-a\u0300-16.21.53-300x174.png\" alt=\"Capture d\u2019e\u0301cran 2016-03-24 a\u0300 16.21.53\" width=\"300\" height=\"225\"><\/a><\/h5>\n<\/td>\n<\/tr>\n<tr>\n<td>\n<h5>La Galerie CHX Design, g\u00e9r\u00e9e par Lo\u00efc Lucas \u00e0 Chamonix, vous pr\u00e9sente chaque jour les plus belles oeuvres en rapport avec la montagne.<\/h5>\n<h5><a href=\"http:\/\/www.loic-lucas.com\" target=\"_blank\">www.loic-lucas.com<\/a><\/h5>\n<\/td>\n<td>\n<h5><a href=\"http:\/\/www.loic-lucas.com\" rel=\"attachment wp-att-890\"><img class=\"aligncenter\" src=\"https:\/\/www.ateliergauderique.com\/wp-content\/uploads\/2015\/12\/Capture-d\u2019e\u0301cran-2016-03-24-a\u0300-16.26.33-300x207.png\" alt=\"Capture d\u2019e\u0301cran 2016-03-24 a\u0300 16.26.33\" width=\"300\" height=\"225\"><\/a><\/h5>\n<\/td>\n<\/tr>\n<\/tbody>\n<\/table>\n<h5 style=\"text-align: justify;\">&nbsp;<\/h5>","_et_gb_content_width":"","footnotes":""},"class_list":["post-324","page","type-page","status-publish","hentry"],"_links":{"self":[{"href":"https:\/\/www.ateliergauderique.com\/en\/wp-json\/wp\/v2\/pages\/324","targetHints":{"allow":["GET"]}}],"collection":[{"href":"https:\/\/www.ateliergauderique.com\/en\/wp-json\/wp\/v2\/pages"}],"about":[{"href":"https:\/\/www.ateliergauderique.com\/en\/wp-json\/wp\/v2\/types\/page"}],"author":[{"embeddable":true,"href":"https:\/\/www.ateliergauderique.com\/en\/wp-json\/wp\/v2\/users\/3"}],"replies":[{"embeddable":true,"href":"https:\/\/www.ateliergauderique.com\/en\/wp-json\/wp\/v2\/comments?post=324"}],"version-history":[{"count":38,"href":"https:\/\/www.ateliergauderique.com\/en\/wp-json\/wp\/v2\/pages\/324\/revisions"}],"predecessor-version":[{"id":1429,"href":"https:\/\/www.ateliergauderique.com\/en\/wp-json\/wp\/v2\/pages\/324\/revisions\/1429"}],"wp:attachment":[{"href":"https:\/\/www.ateliergauderique.com\/en\/wp-json\/wp\/v2\/media?parent=324"}],"curies":[{"name":"wp","href":"https:\/\/api.w.org\/{rel}","templated":true}]}}