{"id":6,"date":"2015-10-26T20:25:58","date_gmt":"2015-10-26T20:25:58","guid":{"rendered":"http:\/\/gauderique.wepc.fr\/?page_id=6"},"modified":"2024-06-30T06:55:03","modified_gmt":"2024-06-30T06:55:03","slug":"conservation-et-restauration","status":"publish","type":"page","link":"https:\/\/www.ateliergauderique.com\/en\/","title":{"rendered":"Accueil Atelier Gaud\u00e9rique"},"content":{"rendered":"<p>[et_pb_section fb_built=&#8221;1&#8243; fullwidth=&#8221;on&#8221; _builder_version=&#8221;4.6.0&#8243; _module_preset=&#8221;default&#8221; background_color=&#8221;#ec7063&#8243; height=&#8221;5px&#8221; custom_margin=&#8221;5px||||false|false&#8221; custom_padding=&#8221;||||false|false&#8221; border_color_top=&#8221;#ffffff&#8221; border_style_top=&#8221;none&#8221; global_module=&#8221;1301&#8243; saved_tabs=&#8221;all&#8221; global_colors_info=&#8221;{}&#8221;][\/et_pb_section][et_pb_section fb_built=&#8221;1&#8243; admin_label=&#8221;section&#8221; _builder_version=&#8221;4.16&#8243; background_color=&#8221;rgba(236,112,99,0)&#8221; use_background_color_gradient=&#8221;on&#8221; background_color_gradient_stops=&#8221;rgba(236,112,99,0.37) 0%|rgba(122,122,122,0) 100%&#8221; background_color_gradient_start=&#8221;rgba(236,112,99,0.37)&#8221; background_color_gradient_end=&#8221;rgba(122,122,122,0)&#8221; custom_padding=&#8221;1%||1%||false|false&#8221; global_colors_info=&#8221;{}&#8221;][et_pb_row _builder_version=&#8221;4.16&#8243; _module_preset=&#8221;default&#8221; global_colors_info=&#8221;{}&#8221;][et_pb_column type=&#8221;4_4&#8243; _builder_version=&#8221;4.16&#8243; _module_preset=&#8221;default&#8221; global_colors_info=&#8221;{}&#8221;][et_pb_text _builder_version=&#8221;4.16&#8243; _module_preset=&#8221;default&#8221; global_colors_info=&#8221;{}&#8221;]<\/p>\n<h1>Atelier de Restauration et de Conservation \u00e0 Annecy.<\/h1>\n<p>[\/et_pb_text][\/et_pb_column][\/et_pb_row][\/et_pb_section][et_pb_section fb_built=&#8221;1&#8243; admin_label=&#8221;section&#8221; _builder_version=&#8221;4.16&#8243; custom_padding=&#8221;1%||1%||false|false&#8221; global_colors_info=&#8221;{}&#8221;][et_pb_row _builder_version=&#8221;4.16&#8243; _module_preset=&#8221;default&#8221; global_colors_info=&#8221;{}&#8221;][et_pb_column type=&#8221;4_4&#8243; _builder_version=&#8221;4.16&#8243; _module_preset=&#8221;default&#8221; global_colors_info=&#8221;{}&#8221;][et_pb_gallery gallery_ids=&#8221;280,235,233&#8243; gallery_orderby=&#8221;rand&#8221; fullwidth=&#8221;on&#8221; _builder_version=&#8221;4.16&#8243; _module_preset=&#8221;default&#8221; background_color=&#8221;rgba(0,0,0,0)&#8221; auto=&#8221;on&#8221; auto_speed=&#8221;6000&#8243; global_colors_info=&#8221;{}&#8221;][\/et_pb_gallery][\/et_pb_column][\/et_pb_row][\/et_pb_section][et_pb_section fb_built=&#8221;1&#8243; _builder_version=&#8221;4.16&#8243; _module_preset=&#8221;default&#8221; background_color=&#8221;rgba(120,40,17,0.13)&#8221; custom_padding=&#8221;0px||1%||false|false&#8221; global_colors_info=&#8221;{}&#8221;][et_pb_row _builder_version=&#8221;4.16&#8243; _module_preset=&#8221;default&#8221; global_colors_info=&#8221;{}&#8221;][et_pb_column type=&#8221;4_4&#8243; _builder_version=&#8221;4.16&#8243; _module_preset=&#8221;default&#8221; global_colors_info=&#8221;{}&#8221;][et_pb_text admin_label=&#8221;Text&#8221; _builder_version=&#8221;4.22.2&#8243; text_font_size=&#8221;18px&#8221; background_size=&#8221;initial&#8221; background_position=&#8221;top_left&#8221; background_repeat=&#8221;repeat&#8221; locked=&#8221;off&#8221; global_colors_info=&#8221;{}&#8221;]<\/p>\n<h4 style=\"text-align: justify;\"><\/h4>\n<h1 style=\"text-align: center;\"><span style=\"font-weight: 400;\">20 ans\u00a0!!<\/span><\/h1>\n<p><span style=\"font-weight: 400;\"><\/span><\/p>\n<p style=\"text-align: justify;\"><span style=\"font-weight: 400;\">Apr\u00e8s des \u00e9tudes universitaires d\u2019histoire de l\u2019art \u00e0 Paris X\u2026 puis une formation longue en atelier au Studio Genovesio \u00e0 Saint Ouen, et un parcourt suivi de nombreuses mises \u00e0 niveau sur les derni\u00e8res techniques\u00a0de restauration \u2026.<\/span><\/p>\n<p style=\"text-align: justify;\"><span style=\"font-weight: 400;\"><\/span><\/p>\n<h2 style=\"text-align: center;\"><span style=\"font-weight: 400;\">L\u2019atelier a ouvert ses portes \u00e0 Annecy en octobre 2003<\/span><\/h2>\n<p><span style=\"font-weight: 400;\"><\/span><\/p>\n<p style=\"text-align: justify;\"><span style=\"font-weight: 400;\">Depuis de nombreux travaux ont \u00e9t\u00e9 r\u00e9alis\u00e9s sur des \u0153uvres d\u2019artistes inconnus ou de maitres de la peinture des 17<\/span><span style=\"font-weight: 400;\">\u00e8me<\/span><span style=\"font-weight: 400;\">, 18<\/span><span style=\"font-weight: 400;\">\u00e8me<\/span><span style=\"font-weight: 400;\"> 19 \u00e8me et 20<\/span><span style=\"font-weight: 400;\">\u00e8me<\/span><span style=\"font-weight: 400;\"> si\u00e8cles.<\/span> <span style=\"font-weight: 400;\">Je travaille principalement pour des clients professionnels du march\u00e9 de l\u2019art, antiquaires, galeristes, commissaires-priseurs et des particuliers, mais aussi pour des organismes institutionnels, mairies, associations de protection du patrimoine, en France et \u00e0 l\u2019\u00e9tranger. Je parle Anglais et Italien.<\/span><\/p>\n<h3 style=\"text-align: center;\"><span style=\"font-weight: 400;\">Conservation et restauration des cadres et de sculptures polychromes.\u00a0<\/span><\/h3>\n<p><span style=\"font-weight: 400;\"><\/span><\/p>\n<p style=\"text-align: justify;\"><span style=\"font-weight: 400;\">J\u2019interviens sur des \u0153uvres de tr\u00e8s grande taille, Gabriel Lopp\u00e9 (1825-1913) Vue du Cervin (4 x 3 m) ou des miniatures de m\u00e9daillons. J\u2019apporte le m\u00eame soin et la m\u00eame attention \u00e0 chacun de ces objets.<\/span><\/p>\n<p style=\"text-align: justify;\"><span style=\"font-weight: 400;\">Mon m\u00e9tier de restauratrice s\u2019articule autour de deux postes compl\u00e9mentaires\u00a0:<\/span><\/p>\n<p style=\"text-align: justify;\"><b>La conservation<\/b><span style=\"font-weight: 400;\">, pr\u00e9ventive et curative, s\u2019occupe de\u00a0 tout ce qui concerne l\u2019\u00e9tat du support, toile, bois, m\u00e9tal, ivoire\u2026..\u00a0 et de son unit\u00e9 avec la couche picturale. Refixage, pose de pi\u00e8ce, fil \u00e0 fil sur les d\u00e9chirures, rentoilage\u2026.etc<\/span><\/p>\n<p style=\"text-align: justify;\"><b>La restauration<\/b><span style=\"font-weight: 400;\"> prend soin de la couche picturale, de sa propret\u00e9, de l\u2019\u00e9tat du vernis oxyd\u00e9, du masticage, de la r\u00e9int\u00e9gration color\u00e9e sur les lacunes, du vernis final.<\/span><\/p>\n<p style=\"text-align: justify;\"><span style=\"font-weight: 400;\">Apr\u00e8s une \u00e9tude pr\u00e9cise de l\u2019\u0153uvre, je vous \u00e9tablis un diagnostic, et un devis gratuit. Je peux \u00e9galement me d\u00e9placer cher vous.\u00a0\u00a0\u00a0<\/span><\/p>\n<p style=\"text-align: justify;\"><span style=\"font-weight: 400;\">Chaque \u0153uvre est unique et appelle un certain regard en profondeur et dans sa mati\u00e8re m\u00eame, de la patience et du respect. Je vous propose un travail fin et soign\u00e9, ex\u00e9cut\u00e9 dans le respect des notions d\u00e9ontologiques de r\u00e9versibilit\u00e9 et de stabilit\u00e9 des interventions. Un dossier technique et photographique peut \u00eatre r\u00e9alis\u00e9 sur demande.<\/span><\/p>\n<h4 style=\"text-align: justify;\"><span style=\"font-size: 18px; text-align: left;\"><\/h4>\n<p>[\/et_pb_text][\/et_pb_column][\/et_pb_row][\/et_pb_section][et_pb_section fb_built=&#8221;1&#8243; admin_label=&#8221;section&#8221; _builder_version=&#8221;4.22.1&#8243; background_color=&#8221;rgba(136,196,221,0.1)&#8221; custom_padding=&#8221;1%||1%||false|false&#8221; global_colors_info=&#8221;{}&#8221;][et_pb_row column_structure=&#8221;2_5,3_5&#8243; _builder_version=&#8221;4.16&#8243; _module_preset=&#8221;default&#8221; global_colors_info=&#8221;{}&#8221;][et_pb_column type=&#8221;2_5&#8243; _builder_version=&#8221;4.16&#8243; _module_preset=&#8221;default&#8221; global_colors_info=&#8221;{}&#8221;][et_pb_text _builder_version=&#8221;4.20.4&#8243; _module_preset=&#8221;default&#8221; header_4_line_height=&#8221;1.5em&#8221; global_colors_info=&#8221;{}&#8221;]<\/p>\n<h4 style=\"text-align: justify;\"><strong>EXPOSITION : \u00ab Gabriel Lopp\u00e9, artiste, alpiniste et voyageur \u00bb<\/strong><\/h4>\n<h4 style=\"text-align: justify;\"><\/h4>\n<h4 style=\"text-align: justify;\">Du 17 d\u00e9cembre 2022<\/h4>\n<h4 style=\"text-align: justify; padding-left: 40px;\">au <strong>1 mai 2024 (prolong\u00e9)<\/strong><\/h4>\n<h4 style=\"text-align: justify;\">Fort de Bard, vall\u00e9e d\u2019Aoste, Italie<\/h4>\n<p>[\/et_pb_text][et_pb_button button_url=&#8221;@ET-DC@eyJkeW5hbWljIjp0cnVlLCJjb250ZW50IjoicG9zdF9saW5rX3VybF9wYWdlIiwic2V0dGluZ3MiOnsicG9zdF9pZCI6IjEzNTUifX0=@&#8221; button_text=&#8221;Lire la suite&#8221; button_alignment=&#8221;right&#8221; _builder_version=&#8221;4.22.2&#8243; _dynamic_attributes=&#8221;button_url&#8221; _module_preset=&#8221;default&#8221; custom_button=&#8221;on&#8221; button_text_color=&#8221;#6B6B6B&#8221; button_border_color=&#8221;#B6C8CE&#8221; button_use_icon=&#8221;off&#8221; global_colors_info=&#8221;{}&#8221;][\/et_pb_button][\/et_pb_column][et_pb_column type=&#8221;3_5&#8243; _builder_version=&#8221;4.22.1&#8243; _module_preset=&#8221;default&#8221; global_colors_info=&#8221;{}&#8221;][et_pb_image src=&#8221;https:\/\/www.ateliergauderique.com\/wp-content\/uploads\/2023\/09\/EXPOSITION-Gabriel-Loppe-artiste-alpiniste-et-voyageur.png&#8221; alt=&#8221;EXPOSITION : \u00ab Gabriel Lopp\u00e9, artiste, alpiniste et voyageur \u00bb<br \/>\nDATES : Du 17 d\u00e9cembre 2022 \u2013 14 janvier 2024<br \/>\nLIEU : Fort de Bard, vall\u00e9e d\u2019Aoste, Italie&#8221; title_text=&#8221;EXPOSITION Gabriel Lopp\u00e9 artiste alpiniste et voyageur&#8221; _builder_version=&#8221;4.22.1&#8243; _module_preset=&#8221;default&#8221; global_colors_info=&#8221;{}&#8221;][\/et_pb_image][\/et_pb_column][\/et_pb_row][\/et_pb_section][et_pb_section fb_built=&#8221;1&#8243; admin_label=&#8221;section&#8221; _builder_version=&#8221;4.16&#8243; custom_padding=&#8221;1%||1%||false|false&#8221; global_colors_info=&#8221;{}&#8221;][et_pb_row column_structure=&#8221;3_5,2_5&#8243; _builder_version=&#8221;4.16&#8243; _module_preset=&#8221;default&#8221; global_colors_info=&#8221;{}&#8221;][et_pb_column type=&#8221;3_5&#8243; _builder_version=&#8221;4.16&#8243; _module_preset=&#8221;default&#8221; global_colors_info=&#8221;{}&#8221;][et_pb_video src=&#8221;https:\/\/www.youtube.com\/watch?v=uLip0yllGeM&#8221; _builder_version=&#8221;4.16&#8243; _module_preset=&#8221;default&#8221; global_colors_info=&#8221;{}&#8221;][\/et_pb_video][\/et_pb_column][et_pb_column type=&#8221;2_5&#8243; _builder_version=&#8221;4.16&#8243; _module_preset=&#8221;default&#8221; global_colors_info=&#8221;{}&#8221;][et_pb_text _builder_version=&#8221;4.20.4&#8243; _module_preset=&#8221;default&#8221; header_4_line_height=&#8221;1.5em&#8221; global_colors_info=&#8221;{}&#8221;]<\/p>\n<h4 style=\"text-align: justify;\"><strong>Conservation puis restauration du &#8220;CERVIN&#8221; de Gabriel Lopp\u00e9 (1825-1913). <\/strong><\/h4>\n<h4 style=\"text-align: justify;\"><\/h4>\n<h4 style=\"text-align: justify;\">Huile sur toile 4X3 m\u00e8tres.<\/h4>\n<h4 style=\"text-align: justify;\">Novembre\/D\u00e9cembre 2014 par Gaud\u00e9rique de Vivie, restauratrice d&#8217;art.<\/h4>\n<h4 style=\"text-align: justify;\">Oeuvre actuellement expos\u00e9e au Mus\u00e9e Alpin de Chamonix.<\/h4>\n<h4 style=\"text-align: justify;\"><\/h4>\n<h4 style=\"text-align: justify;\">Restauration effectu\u00e9e dans le cadre des festivit\u00e9s des 150 ans de l&#8217;\u00e2ge d&#8217;or de l&#8217;alpinisme 1865-2015, et l&#8217;exposition des tr\u00e9sors de l&#8217;Alpine Club de Londres jusqu&#8217;en 16 avril 2016.<\/h4>\n<p>[\/et_pb_text][\/et_pb_column][\/et_pb_row][\/et_pb_section][et_pb_section fb_built=&#8221;1&#8243; _builder_version=&#8221;4.16&#8243; _module_preset=&#8221;default&#8221; background_color=&#8221;rgba(160,235,0,0.11)&#8221; custom_margin=&#8221;||||false|false&#8221; custom_padding=&#8221;1%||1%||false|false&#8221; locked=&#8221;off&#8221; global_colors_info=&#8221;{}&#8221;][et_pb_row column_structure=&#8221;1_4,3_4&#8243; _builder_version=&#8221;4.16&#8243; _module_preset=&#8221;default&#8221; global_colors_info=&#8221;{}&#8221;][et_pb_column type=&#8221;1_4&#8243; _builder_version=&#8221;4.16&#8243; _module_preset=&#8221;default&#8221; global_colors_info=&#8221;{}&#8221;][et_pb_image src=&#8221;https:\/\/www.ateliergauderique.com\/wp-content\/uploads\/2020\/09\/logo-partenaire-utilisateur-01-1.png&#8221; title_text=&#8221;logo partenaire utilisateur&#8221; _builder_version=&#8221;4.16&#8243; _module_preset=&#8221;default&#8221; global_colors_info=&#8221;{}&#8221;][\/et_pb_image][\/et_pb_column][et_pb_column type=&#8221;3_4&#8243; _builder_version=&#8221;4.16&#8243; _module_preset=&#8221;default&#8221; global_colors_info=&#8221;{}&#8221;][et_pb_text _builder_version=&#8221;4.20.4&#8243; _module_preset=&#8221;default&#8221; global_colors_info=&#8221;{}&#8221;]<\/p>\n<h4><strong>Mars 2019<\/strong>\u00a0: Stage de formation\u00a0par Ecosph\u2019R\u00a0aux ECO-SOLVANTS: approche et utilisation appliqu\u00e9e aux objets d\u2019art de nettoyants et solvants LABOVERT, \u00e9co-responsables qui ne sont pas class\u00e9s CMR (Canc\u00e9rig\u00e8ne, Mutag\u00e8ne, reprotoxique) ils sont non inflammables et non soumis \u00e0 un \u00e9quipement lourd de protection;<\/h4>\n<h4>J\u2019ai donc remplac\u00e9 les solvants classiques par des produits \u00e9quivalents mais non toxiques pour l\u2019environnement, car issus de composants renouvelables et recyclables; ils sont parfaitement efficaces et offrent un travail de qualit\u00e9.<\/h4>\n<p>[\/et_pb_text][\/et_pb_column][\/et_pb_row][\/et_pb_section][et_pb_section fb_built=&#8221;1&#8243; fullwidth=&#8221;on&#8221; _builder_version=&#8221;4.16&#8243; _module_preset=&#8221;default&#8221; background_color=&#8221;#78281f&#8221; height=&#8221;5px&#8221; custom_margin=&#8221;5px||||false|false&#8221; custom_padding=&#8221;||||false|false&#8221; border_color_top=&#8221;#ffffff&#8221; border_style_top=&#8221;none&#8221; global_colors_info=&#8221;{}&#8221;][\/et_pb_section][et_pb_section fb_built=&#8221;1&#8243; _builder_version=&#8221;4.6.0&#8243; _module_preset=&#8221;default&#8221; background_color=&#8221;rgba(120,40,17,0.13)&#8221; global_module=&#8221;1302&#8243; saved_tabs=&#8221;all&#8221; global_colors_info=&#8221;{}&#8221;][et_pb_row _builder_version=&#8221;4.16&#8243; _module_preset=&#8221;default&#8221; global_colors_info=&#8221;{}&#8221;][et_pb_column type=&#8221;4_4&#8243; _builder_version=&#8221;4.16&#8243; _module_preset=&#8221;default&#8221; global_colors_info=&#8221;{}&#8221;][et_pb_contact_form title=&#8221;Formulaire de Contact&#8221; success_message=&#8221;Merci pour votre message&#8221; _builder_version=&#8221;4.25.2&#8243; _module_preset=&#8221;default&#8221; _unique_id=&#8221;d2604943-9767-4b4a-bfe2-dfc2a7ad20ed&#8221; form_field_background_color=&#8221;rgba(120,40,17,0.13)&#8221; form_field_text_color=&#8221;#5a0c1c&#8221; title_text_color=&#8221;#5a0c1c&#8221; captcha_font=&#8221;|700|||||||&#8221; captcha_text_color=&#8221;#474747&#8243; captcha_font_size=&#8221;20px&#8221; background_color=&#8221;rgba(0,0,0,0)&#8221; custom_button=&#8221;on&#8221; button_text_size=&#8221;20px&#8221; button_text_color=&#8221;#e09900&#8243; button_border_width=&#8221;4px&#8221; button_border_radius=&#8221;10px&#8221; button_letter_spacing=&#8221;3px&#8221; hover_enabled=&#8221;0&#8243; global_colors_info=&#8221;{}&#8221; use_spam_service=&#8221;on&#8221; sticky_enabled=&#8221;0&#8243;][et_pb_contact_field field_id=&#8221;Name&#8221; field_title=&#8221;Nom&#8221; _builder_version=&#8221;4.16&#8243; global_colors_info=&#8221;{}&#8221; button_text_size__hover_enabled=&#8221;off&#8221; button_one_text_size__hover_enabled=&#8221;off&#8221; button_two_text_size__hover_enabled=&#8221;off&#8221; button_text_color__hover_enabled=&#8221;off&#8221; button_one_text_color__hover_enabled=&#8221;off&#8221; button_two_text_color__hover_enabled=&#8221;off&#8221; button_border_width__hover_enabled=&#8221;off&#8221; button_one_border_width__hover_enabled=&#8221;off&#8221; button_two_border_width__hover_enabled=&#8221;off&#8221; button_border_color__hover_enabled=&#8221;off&#8221; button_one_border_color__hover_enabled=&#8221;off&#8221; button_two_border_color__hover_enabled=&#8221;off&#8221; button_border_radius__hover_enabled=&#8221;off&#8221; button_one_border_radius__hover_enabled=&#8221;off&#8221; button_two_border_radius__hover_enabled=&#8221;off&#8221; button_letter_spacing__hover_enabled=&#8221;off&#8221; button_one_letter_spacing__hover_enabled=&#8221;off&#8221; button_two_letter_spacing__hover_enabled=&#8221;off&#8221; button_bg_color__hover_enabled=&#8221;off&#8221; button_one_bg_color__hover_enabled=&#8221;off&#8221; button_two_bg_color__hover_enabled=&#8221;off&#8221;][\/et_pb_contact_field][et_pb_contact_field field_id=&#8221;Email&#8221; field_title=&#8221;Adresse e-mail&#8221; field_type=&#8221;email&#8221; _builder_version=&#8221;4.16&#8243; global_colors_info=&#8221;{}&#8221; button_text_size__hover_enabled=&#8221;off&#8221; button_one_text_size__hover_enabled=&#8221;off&#8221; button_two_text_size__hover_enabled=&#8221;off&#8221; button_text_color__hover_enabled=&#8221;off&#8221; button_one_text_color__hover_enabled=&#8221;off&#8221; button_two_text_color__hover_enabled=&#8221;off&#8221; button_border_width__hover_enabled=&#8221;off&#8221; button_one_border_width__hover_enabled=&#8221;off&#8221; button_two_border_width__hover_enabled=&#8221;off&#8221; button_border_color__hover_enabled=&#8221;off&#8221; button_one_border_color__hover_enabled=&#8221;off&#8221; button_two_border_color__hover_enabled=&#8221;off&#8221; button_border_radius__hover_enabled=&#8221;off&#8221; button_one_border_radius__hover_enabled=&#8221;off&#8221; button_two_border_radius__hover_enabled=&#8221;off&#8221; button_letter_spacing__hover_enabled=&#8221;off&#8221; button_one_letter_spacing__hover_enabled=&#8221;off&#8221; button_two_letter_spacing__hover_enabled=&#8221;off&#8221; button_bg_color__hover_enabled=&#8221;off&#8221; button_one_bg_color__hover_enabled=&#8221;off&#8221; button_two_bg_color__hover_enabled=&#8221;off&#8221;][\/et_pb_contact_field][et_pb_contact_field field_id=&#8221;Message&#8221; field_title=&#8221;Message&#8221; field_type=&#8221;text&#8221; fullwidth_field=&#8221;on&#8221; _builder_version=&#8221;4.16&#8243; global_colors_info=&#8221;{}&#8221; button_text_size__hover_enabled=&#8221;off&#8221; button_one_text_size__hover_enabled=&#8221;off&#8221; button_two_text_size__hover_enabled=&#8221;off&#8221; button_text_color__hover_enabled=&#8221;off&#8221; button_one_text_color__hover_enabled=&#8221;off&#8221; button_two_text_color__hover_enabled=&#8221;off&#8221; button_border_width__hover_enabled=&#8221;off&#8221; button_one_border_width__hover_enabled=&#8221;off&#8221; button_two_border_width__hover_enabled=&#8221;off&#8221; button_border_color__hover_enabled=&#8221;off&#8221; button_one_border_color__hover_enabled=&#8221;off&#8221; button_two_border_color__hover_enabled=&#8221;off&#8221; button_border_radius__hover_enabled=&#8221;off&#8221; button_one_border_radius__hover_enabled=&#8221;off&#8221; button_two_border_radius__hover_enabled=&#8221;off&#8221; button_letter_spacing__hover_enabled=&#8221;off&#8221; button_one_letter_spacing__hover_enabled=&#8221;off&#8221; button_two_letter_spacing__hover_enabled=&#8221;off&#8221; button_bg_color__hover_enabled=&#8221;off&#8221; button_one_bg_color__hover_enabled=&#8221;off&#8221; button_two_bg_color__hover_enabled=&#8221;off&#8221;][\/et_pb_contact_field][\/et_pb_contact_form][\/et_pb_column][\/et_pb_row][\/et_pb_section][et_pb_section fb_built=&#8221;1&#8243; _builder_version=&#8221;4.16&#8243; _module_preset=&#8221;default&#8221; global_colors_info=&#8221;{}&#8221;][\/et_pb_section]<\/p>\n","protected":false},"excerpt":{"rendered":"<p>Atelier de Restauration et de Conservation \u00e0 Annecy. 20 ans\u00a0!! Apr\u00e8s des \u00e9tudes universitaires d\u2019histoire de l\u2019art \u00e0 Paris X\u2026 puis une formation longue en atelier au Studio Genovesio \u00e0 Saint Ouen, et un parcourt suivi de nombreuses mises \u00e0 niveau sur les derni\u00e8res techniques\u00a0de restauration \u2026. L\u2019atelier a ouvert ses portes \u00e0 Annecy en [&hellip;]<\/p>\n","protected":false},"author":3,"featured_media":407,"parent":0,"menu_order":0,"comment_status":"closed","ping_status":"closed","template":"","meta":{"_et_pb_use_builder":"on","_et_pb_old_content":"<p>&nbsp;<\/p>\r\n<p>&nbsp;<\/p>\r\n<table style=\"width: 100%;\" cellpadding=\"15\">\r\n<tbody>\r\n<tr>\r\n<td style=\"width: 60%;\">\r\n<h5 style=\"text-align: justify;\"><strong>- L'offre D\u00e9co -<\/strong><\/h5>\r\n<h5 style=\"text-align: justify;\"><strong>Article du Dauphin\u00e9, n\u00b0 5 juillet\/ao\u00fbt\/septembre 2019<\/strong><\/h5>\r\n<h5 style=\"text-align: justify;\">\"Gauderique de Vivie est conservatrice et restauratrice de peinture. Dans son atelier ann\u00e9cien, elle redonne vie \u00e0 des \u0153uvres vari\u00e9es tableaux, sculptures et objets. Des petits formats comme des grands qui n\u00e9cessitent minutie et concentration\u2026\"<\/h5>\r\n<p>&nbsp;<\/p>\r\n<\/td>\r\n<td style=\"width: 40%;\"><a href=\"https:\/\/www.ateliergauderique.com\/wp-content\/uploads\/2019\/07\/Dauphine\u0301.jpg\"><img class=\"aligncenter wp-image-1244\" src=\"https:\/\/www.ateliergauderique.com\/wp-content\/uploads\/2019\/07\/Dauphine\u0301-300x212.jpg\" alt=\"\" width=\"400\" height=\"283\" \/><\/a><\/td>\r\n<\/tr>\r\n<\/tbody>\r\n<\/table>\r\n<p>&nbsp;<\/p>\r\n<table style=\"width: 100%;\" cellpadding=\"15\">\r\n<tbody>\r\n<tr>\r\n<td style=\"width: 35%;\"><iframe src=\"\/\/www.youtube.com\/embed\/MsVK0NHuC4g\" width=\"400\" height=\"320\" allowfullscreen=\"allowfullscreen\"><span data-mce-type=\"bookmark\" style=\"display: inline-block; width: 0px; overflow: hidden; line-height: 0;\" class=\"mce_SELRES_start\">\ufeff<\/span><span data-mce-type=\"bookmark\" style=\"display: inline-block; width: 0px; overflow: hidden; line-height: 0;\" class=\"mce_SELRES_start\">\ufeff<\/span><\/iframe><\/td>\r\n<td style=\"width: 65%;\">\r\n<h5 style=\"text-align: right;\"><strong>La Restauration en Vid\u00e9o<\/strong><\/h5>\r\n<h5 style=\"text-align: right;\">Reportage de France 3 r\u00e9gion du 29 Novembre 2018 : Femmes de l'Art<\/h5>\r\n<h5 style=\"text-align: right;\">Pr\u00e9sentation du m\u00e9tier de Conservation et Restauration des peintures.<\/h5>\r\n<h5 style=\"text-align: justify;\">\u00a0<\/h5>\r\n<\/td>\r\n<\/tr>\r\n<\/tbody>\r\n<\/table>","_et_gb_content_width":"","footnotes":""},"class_list":["post-6","page","type-page","status-publish","has-post-thumbnail","hentry"],"_links":{"self":[{"href":"https:\/\/www.ateliergauderique.com\/en\/wp-json\/wp\/v2\/pages\/6","targetHints":{"allow":["GET"]}}],"collection":[{"href":"https:\/\/www.ateliergauderique.com\/en\/wp-json\/wp\/v2\/pages"}],"about":[{"href":"https:\/\/www.ateliergauderique.com\/en\/wp-json\/wp\/v2\/types\/page"}],"author":[{"embeddable":true,"href":"https:\/\/www.ateliergauderique.com\/en\/wp-json\/wp\/v2\/users\/3"}],"replies":[{"embeddable":true,"href":"https:\/\/www.ateliergauderique.com\/en\/wp-json\/wp\/v2\/comments?post=6"}],"version-history":[{"count":106,"href":"https:\/\/www.ateliergauderique.com\/en\/wp-json\/wp\/v2\/pages\/6\/revisions"}],"predecessor-version":[{"id":1454,"href":"https:\/\/www.ateliergauderique.com\/en\/wp-json\/wp\/v2\/pages\/6\/revisions\/1454"}],"wp:featuredmedia":[{"embeddable":true,"href":"https:\/\/www.ateliergauderique.com\/en\/wp-json\/wp\/v2\/media\/407"}],"wp:attachment":[{"href":"https:\/\/www.ateliergauderique.com\/en\/wp-json\/wp\/v2\/media?parent=6"}],"curies":[{"name":"wp","href":"https:\/\/api.w.org\/{rel}","templated":true}]}}