{"id":1330,"date":"2020-09-10T14:43:05","date_gmt":"2020-09-10T14:43:05","guid":{"rendered":"http:\/\/www.ateliergauderique.com\/?page_id=1330"},"modified":"2020-09-16T09:32:36","modified_gmt":"2020-09-16T09:32:36","slug":"examples-restauration-conservation","status":"publish","type":"page","link":"https:\/\/www.ateliergauderique.com\/es\/examples-restauration-conservation","title":{"rendered":"(Fran\u00e7ais) Exemples"},"content":{"rendered":"<p class=\"qtranxs-available-languages-message qtranxs-available-languages-message-es\">Disculpa, pero esta entrada est\u00e1 disponible s\u00f3lo en <a href=\"https:\/\/www.ateliergauderique.com\/fr\/wp-json\/wp\/v2\/pages\/1330\" class=\"qtranxs-available-language-link qtranxs-available-language-link-fr\" title=\"Fran\u00e7ais\">Fran\u00e7ais<\/a> y <a href=\"https:\/\/www.ateliergauderique.com\/en\/wp-json\/wp\/v2\/pages\/1330\" class=\"qtranxs-available-language-link qtranxs-available-language-link-en\" title=\"English\">English<\/a>.<\/p>","protected":false},"excerpt":{"rendered":"<p>Disculpa, pero esta entrada est\u00e1 disponible s\u00f3lo en Fran\u00e7ais y English.<\/p>\n","protected":false},"author":3,"featured_media":0,"parent":0,"menu_order":0,"comment_status":"closed","ping_status":"closed","template":"","meta":{"_et_pb_use_builder":"on","_et_pb_old_content":"","_et_gb_content_width":"","footnotes":""},"class_list":["post-1330","page","type-page","status-publish","hentry"],"_links":{"self":[{"href":"https:\/\/www.ateliergauderique.com\/es\/wp-json\/wp\/v2\/pages\/1330","targetHints":{"allow":["GET"]}}],"collection":[{"href":"https:\/\/www.ateliergauderique.com\/es\/wp-json\/wp\/v2\/pages"}],"about":[{"href":"https:\/\/www.ateliergauderique.com\/es\/wp-json\/wp\/v2\/types\/page"}],"author":[{"embeddable":true,"href":"https:\/\/www.ateliergauderique.com\/es\/wp-json\/wp\/v2\/users\/3"}],"replies":[{"embeddable":true,"href":"https:\/\/www.ateliergauderique.com\/es\/wp-json\/wp\/v2\/comments?post=1330"}],"version-history":[{"count":7,"href":"https:\/\/www.ateliergauderique.com\/es\/wp-json\/wp\/v2\/pages\/1330\/revisions"}],"predecessor-version":[{"id":1389,"href":"https:\/\/www.ateliergauderique.com\/es\/wp-json\/wp\/v2\/pages\/1330\/revisions\/1389"}],"wp:attachment":[{"href":"https:\/\/www.ateliergauderique.com\/es\/wp-json\/wp\/v2\/media?parent=1330"}],"curies":[{"name":"wp","href":"https:\/\/api.w.org\/{rel}","templated":true}]}}