{"id":1355,"date":"2020-09-10T15:40:30","date_gmt":"2020-09-10T15:40:30","guid":{"rendered":"http:\/\/www.ateliergauderique.com\/?page_id=1355"},"modified":"2023-10-23T10:02:34","modified_gmt":"2023-10-23T10:02:34","slug":"la-presse-article","status":"publish","type":"page","link":"https:\/\/www.ateliergauderique.com\/es\/la-presse-article","title":{"rendered":"Presse"},"content":{"rendered":"<p>[et_pb_section fb_built=\u00bb1&#8243; fullwidth=\u00bbon\u00bb _builder_version=\u00bb4.6.0&#8243; _module_preset=\u00bbdefault\u00bb background_color=\u00bb#ec7063&#8243; height=\u00bb5px\u00bb custom_margin=\u00bb5px||||false|false\u00bb custom_padding=\u00bb||||false|false\u00bb border_color_top=\u00bb#ffffff\u00bb border_style_top=\u00bbnone\u00bb global_module=\u00bb1301&#8243; saved_tabs=\u00bball\u00bb global_colors_info=\u00bb{}\u00bb][\/et_pb_section][et_pb_section fb_built=\u00bb1&#8243; _builder_version=\u00bb4.22.2&#8243; _module_preset=\u00bbdefault\u00bb global_colors_info=\u00bb{}\u00bb][et_pb_row _builder_version=\u00bb4.16&#8243; _module_preset=\u00bbdefault\u00bb global_colors_info=\u00bb{}\u00bb][et_pb_column type=\u00bb4_4&#8243; _builder_version=\u00bb4.16&#8243; _module_preset=\u00bbdefault\u00bb global_colors_info=\u00bb{}\u00bb][et_pb_text _builder_version=\u00bb4.16&#8243; _module_preset=\u00bbdefault\u00bb global_colors_info=\u00bb{}\u00bb]<\/p>\n<h2 style=\"text-align: right;\">Dans la presse<\/h2>\n<p>[\/et_pb_text][et_pb_divider color=\u00bb#dfb758&#8243; _builder_version=\u00bb4.16&#8243; _module_preset=\u00bbdefault\u00bb width=\u00bb90%\u00bb max_width=\u00bb90%\u00bb module_alignment=\u00bbright\u00bb global_colors_info=\u00bb{}\u00bb][\/et_pb_divider][\/et_pb_column][\/et_pb_row][\/et_pb_section][et_pb_section fb_built=\u00bb1&#8243; specialty=\u00bbon\u00bb _builder_version=\u00bb4.22.2&#8243; _module_preset=\u00bbdefault\u00bb custom_margin=\u00bb0px||0px||false|false\u00bb custom_padding=\u00bb0px||0px||false|false\u00bb global_colors_info=\u00bb{}\u00bb][et_pb_column type=\u00bb1_2&#8243; _builder_version=\u00bb4.16&#8243; custom_padding=\u00bb|||\u00bb global_colors_info=\u00bb{}\u00bb custom_padding__hover=\u00bb|||\u00bb][et_pb_image src=\u00bbhttps:\/\/www.ateliergauderique.com\/wp-content\/uploads\/2023\/10\/1698054463956-scaled.jpg\u00bb alt=\u00bbLe peintre des hauts sommets de %22La Montagne et Alpinisme%22<br \/>\nExtrait du dossier Gabriel Lopp\u00e9, le peintre des hauts sommets de %22La Montagne et Alpinisme%22<br \/>\ned.F\u00e9d\u00e9ration Fran\u00e7aise des Clubs Alpins et de Montagne<br \/>\nR\u00e9daction : Eliane Patriarca<br \/>\nPhotos @ Pascal Tournaire\u00bb title_text=\u00bbAtelier Gauderique Annecy\u00bb _builder_version=\u00bb4.22.2&#8243; _module_preset=\u00bbdefault\u00bb hover_enabled=\u00bb0&#8243; global_colors_info=\u00bb{}\u00bb sticky_enabled=\u00bb0&#8243;][\/et_pb_image][\/et_pb_column][et_pb_column type=\u00bb1_2&#8243; specialty_columns=\u00bb2&#8243; _builder_version=\u00bb4.16&#8243; custom_padding=\u00bb|||\u00bb global_colors_info=\u00bb{}\u00bb custom_padding__hover=\u00bb|||\u00bb][et_pb_row_inner _builder_version=\u00bb4.22.2&#8243; _module_preset=\u00bbdefault\u00bb global_colors_info=\u00bb{}\u00bb][et_pb_column_inner saved_specialty_column_type=\u00bb1_2&#8243; _builder_version=\u00bb4.22.2&#8243; _module_preset=\u00bbdefault\u00bb global_colors_info=\u00bb{}\u00bb][et_pb_text _builder_version=\u00bb4.22.2&#8243; _module_preset=\u00bbdefault\u00bb global_colors_info=\u00bb{}\u00bb]<\/p>\n<h2 style=\"text-align: right;\"><strong>Le peintre des hauts sommets de \u00abLa Montagne et Alpinisme\u00bb<\/strong><\/h2>\n<h4 style=\"text-align: right;\">Extrait du dossier Gabriel Lopp\u00e9, le peintre des hauts sommets de \u00abLa Montagne et Alpinisme\u00bb<br \/>ed.F\u00e9d\u00e9ration Fran\u00e7aise des Clubs Alpins et de Montagne<br \/>R\u00e9daction : Eliane Patriarca<br \/>Photos @ Pascal Tournaire<\/h4>\n<p>[\/et_pb_text][\/et_pb_column_inner][\/et_pb_row_inner][et_pb_row_inner column_structure=\u00bb1_2,1_2&#8243; _builder_version=\u00bb4.22.2&#8243; _module_preset=\u00bbdefault\u00bb global_colors_info=\u00bb{}\u00bb][et_pb_column_inner type=\u00bb1_2&#8243; saved_specialty_column_type=\u00bb1_2&#8243; _builder_version=\u00bb4.22.2&#8243; _module_preset=\u00bbdefault\u00bb global_colors_info=\u00bb{}\u00bb][et_pb_image src=\u00bbhttps:\/\/www.ateliergauderique.com\/wp-content\/uploads\/2023\/10\/1698054480964-scaled.jpg\u00bb alt=\u00bbArticle de presse atelier gauderique annecy Extrait du dossier Gabriel Lopp\u00e9, le peintre des hauts sommets de%22La Montagne et Alpinisme%22<br \/>\ned.F\u00e9d\u00e9ration Fran\u00e7aise des Clubs Alpins et de Montagne\u00bb title_text=\u00bbArticle de presse atelier gauderique annecy\u00bb _builder_version=\u00bb4.22.2&#8243; _module_preset=\u00bbdefault\u00bb hover_enabled=\u00bb0&#8243; global_colors_info=\u00bb{}\u00bb show_in_lightbox=\u00bbon\u00bb sticky_enabled=\u00bb0&#8243;][\/et_pb_image][\/et_pb_column_inner][et_pb_column_inner type=\u00bb1_2&#8243; saved_specialty_column_type=\u00bb1_2&#8243; _builder_version=\u00bb4.22.2&#8243; _module_preset=\u00bbdefault\u00bb global_colors_info=\u00bb{}\u00bb][et_pb_image src=\u00bbhttps:\/\/www.ateliergauderique.com\/wp-content\/uploads\/2023\/10\/1698054594261-scaled.jpg\u00bb alt=\u00bbArticle de presse atelier gauderique annecy Extrait du dossier Gabriel Lopp\u00e9, le peintre des hauts sommets de%22La Montagne et Alpinisme%22<br \/>\ned.F\u00e9d\u00e9ration Fran\u00e7aise des Clubs Alpins et de Montagne\u00bb title_text=\u00bbArticle de presse atelier gauderique annecy Extrait du dossier Gabriel Lopp\u00e9\u00bb _builder_version=\u00bb4.22.2&#8243; _module_preset=\u00bbdefault\u00bb hover_enabled=\u00bb0&#8243; global_colors_info=\u00bb{}\u00bb show_in_lightbox=\u00bbon\u00bb sticky_enabled=\u00bb0&#8243;][\/et_pb_image][\/et_pb_column_inner][\/et_pb_row_inner][\/et_pb_column][\/et_pb_section][et_pb_section fb_built=\u00bb1&#8243; admin_label=\u00bbsection\u00bb _builder_version=\u00bb4.16&#8243; global_colors_info=\u00bb{}\u00bb][et_pb_row _builder_version=\u00bb4.16&#8243; _module_preset=\u00bbdefault\u00bb global_colors_info=\u00bb{}\u00bb][et_pb_column type=\u00bb4_4&#8243; _builder_version=\u00bb4.16&#8243; _module_preset=\u00bbdefault\u00bb global_colors_info=\u00bb{}\u00bb][et_pb_divider color=\u00bb#dfb758&#8243; _builder_version=\u00bb4.16&#8243; _module_preset=\u00bbdefault\u00bb width=\u00bb30%\u00bb max_width=\u00bb30%\u00bb module_alignment=\u00bbcenter\u00bb global_colors_info=\u00bb{}\u00bb][\/et_pb_divider][\/et_pb_column][\/et_pb_row][et_pb_row column_structure=\u00bb3_5,2_5&#8243; _builder_version=\u00bb4.16&#8243; _module_preset=\u00bbdefault\u00bb global_colors_info=\u00bb{}\u00bb][et_pb_column type=\u00bb3_5&#8243; _builder_version=\u00bb4.16&#8243; _module_preset=\u00bbdefault\u00bb global_colors_info=\u00bb{}\u00bb][et_pb_text _builder_version=\u00bb4.20.4&#8243; _module_preset=\u00bbdefault\u00bb global_colors_info=\u00bb{}\u00bb]<\/p>\n<h2 style=\"text-align: left;\"><strong>&#8211; L&#8217;offre D\u00e9co &#8211;<\/strong><\/h2>\n<h4 style=\"text-align: left;\"><strong>Article du Dauphin\u00e9, n\u00b0 5 juillet\/ao\u00fbt\/septembre 2019<\/strong><\/h4>\n<h4 style=\"text-align: left;\">\u00abGauderique de Vivie est conservatrice et restauratrice de peinture.<\/h4>\n<h4 style=\"text-align: left;\">Dans son atelier ann\u00e9cien, elle redonne vie \u00e0 des \u0153uvres vari\u00e9es tableaux, sculptures et objets.<\/h4>\n<h4 style=\"text-align: left;\">Des petits formats comme des grands qui n\u00e9cessitent minutie et concentration\u2026\u00bb<\/h4>\n<p>[\/et_pb_text][\/et_pb_column][et_pb_column type=\u00bb2_5&#8243; _builder_version=\u00bb4.16&#8243; _module_preset=\u00bbdefault\u00bb global_colors_info=\u00bb{}\u00bb][et_pb_image src=\u00bbhttps:\/\/www.ateliergauderique.com\/wp-content\/uploads\/2019\/07\/Dauphine\u0301.jpg\u00bb title_text=\u00bbDauphine\u0301\u00bb show_in_lightbox=\u00bbon\u00bb _builder_version=\u00bb4.16&#8243; _module_preset=\u00bbdefault\u00bb global_colors_info=\u00bb{}\u00bb][\/et_pb_image][\/et_pb_column][\/et_pb_row][et_pb_row _builder_version=\u00bb4.16&#8243; _module_preset=\u00bbdefault\u00bb global_colors_info=\u00bb{}\u00bb][et_pb_column type=\u00bb4_4&#8243; _builder_version=\u00bb4.16&#8243; _module_preset=\u00bbdefault\u00bb global_colors_info=\u00bb{}\u00bb][et_pb_divider color=\u00bb#dfb758&#8243; _builder_version=\u00bb4.16&#8243; _module_preset=\u00bbdefault\u00bb width=\u00bb30%\u00bb max_width=\u00bb30%\u00bb module_alignment=\u00bbcenter\u00bb global_colors_info=\u00bb{}\u00bb][\/et_pb_divider][\/et_pb_column][\/et_pb_row][et_pb_row column_structure=\u00bb2_5,3_5&#8243; _builder_version=\u00bb4.16&#8243; _module_preset=\u00bbdefault\u00bb global_colors_info=\u00bb{}\u00bb][et_pb_column type=\u00bb2_5&#8243; _builder_version=\u00bb4.16&#8243; _module_preset=\u00bbdefault\u00bb global_colors_info=\u00bb{}\u00bb][et_pb_code _builder_version=\u00bb4.16&#8243; _module_preset=\u00bbdefault\u00bb global_colors_info=\u00bb{}\u00bb]<iframe loading=\"lazy\" src=\"\/\/www.youtube.com\/embed\/MsVK0NHuC4g\" width=\"400\" height=\"320\" allowfullscreen=\"allowfullscreen\"><\/iframe>[\/et_pb_code][\/et_pb_column][et_pb_column type=\u00bb3_5&#8243; _builder_version=\u00bb4.16&#8243; _module_preset=\u00bbdefault\u00bb global_colors_info=\u00bb{}\u00bb][et_pb_text _builder_version=\u00bb4.20.4&#8243; _module_preset=\u00bbdefault\u00bb global_colors_info=\u00bb{}\u00bb]<\/p>\n<h2 style=\"text-align: right;\"><strong>La Restauration en Vid\u00e9o<\/strong><\/h2>\n<h4 style=\"text-align: right;\"><\/h4>\n<h4 style=\"text-align: right;\">Reportage de France 3 r\u00e9gion du 29 Novembre 2018 : Femmes de l&#8217;Art.<\/h4>\n<h4 style=\"text-align: right;\">Pr\u00e9sentation du m\u00e9tier de Conservation et Restauration des peintures.<\/h4>\n<p>[\/et_pb_text][\/et_pb_column][\/et_pb_row][\/et_pb_section][et_pb_section fb_built=\u00bb1&#8243; _builder_version=\u00bb4.6.0&#8243; _module_preset=\u00bbdefault\u00bb background_color=\u00bbrgba(120,40,17,0.13)\u00bb global_module=\u00bb1302&#8243; saved_tabs=\u00bball\u00bb global_colors_info=\u00bb{}\u00bb][et_pb_row _builder_version=\u00bb4.16&#8243; _module_preset=\u00bbdefault\u00bb global_colors_info=\u00bb{}\u00bb][et_pb_column type=\u00bb4_4&#8243; _builder_version=\u00bb4.16&#8243; _module_preset=\u00bbdefault\u00bb global_colors_info=\u00bb{}\u00bb][et_pb_contact_form use_spam_service=\u00bbon\u00bb recaptcha_list=\u00bbateliergauderiquecom contact-0&#8243; title=\u00bbFormulaire de Contact\u00bb success_message=\u00bbMerci pour votre message\u00bb _builder_version=\u00bb4.22.2&#8243; _module_preset=\u00bbdefault\u00bb _unique_id=\u00bbd2604943-9767-4b4a-bfe2-dfc2a7ad20ed\u00bb form_field_background_color=\u00bbrgba(120,40,17,0.13)\u00bb form_field_text_color=\u00bb#5a0c1c\u00bb title_text_color=\u00bb#5a0c1c\u00bb captcha_font=\u00bb|700|||||||\u00bb captcha_text_color=\u00bb#474747&#8243; captcha_font_size=\u00bb20px\u00bb background_color=\u00bbrgba(0,0,0,0)\u00bb custom_button=\u00bbon\u00bb button_text_size=\u00bb20px\u00bb button_text_color=\u00bb#e09900&#8243; button_border_width=\u00bb4px\u00bb button_border_radius=\u00bb10px\u00bb button_letter_spacing=\u00bb3px\u00bb global_colors_info=\u00bb{}\u00bb][et_pb_contact_field field_id=\u00bbName\u00bb field_title=\u00bbNom\u00bb _builder_version=\u00bb4.16&#8243; global_colors_info=\u00bb{}\u00bb button_text_size__hover_enabled=\u00bboff\u00bb button_one_text_size__hover_enabled=\u00bboff\u00bb button_two_text_size__hover_enabled=\u00bboff\u00bb button_text_color__hover_enabled=\u00bboff\u00bb button_one_text_color__hover_enabled=\u00bboff\u00bb button_two_text_color__hover_enabled=\u00bboff\u00bb button_border_width__hover_enabled=\u00bboff\u00bb button_one_border_width__hover_enabled=\u00bboff\u00bb button_two_border_width__hover_enabled=\u00bboff\u00bb button_border_color__hover_enabled=\u00bboff\u00bb button_one_border_color__hover_enabled=\u00bboff\u00bb button_two_border_color__hover_enabled=\u00bboff\u00bb button_border_radius__hover_enabled=\u00bboff\u00bb button_one_border_radius__hover_enabled=\u00bboff\u00bb button_two_border_radius__hover_enabled=\u00bboff\u00bb button_letter_spacing__hover_enabled=\u00bboff\u00bb button_one_letter_spacing__hover_enabled=\u00bboff\u00bb button_two_letter_spacing__hover_enabled=\u00bboff\u00bb button_bg_color__hover_enabled=\u00bboff\u00bb button_one_bg_color__hover_enabled=\u00bboff\u00bb button_two_bg_color__hover_enabled=\u00bboff\u00bb][\/et_pb_contact_field][et_pb_contact_field field_id=\u00bbEmail\u00bb field_title=\u00bbAdresse e-mail\u00bb field_type=\u00bbemail\u00bb _builder_version=\u00bb4.16&#8243; global_colors_info=\u00bb{}\u00bb button_text_size__hover_enabled=\u00bboff\u00bb button_one_text_size__hover_enabled=\u00bboff\u00bb button_two_text_size__hover_enabled=\u00bboff\u00bb button_text_color__hover_enabled=\u00bboff\u00bb button_one_text_color__hover_enabled=\u00bboff\u00bb button_two_text_color__hover_enabled=\u00bboff\u00bb button_border_width__hover_enabled=\u00bboff\u00bb button_one_border_width__hover_enabled=\u00bboff\u00bb button_two_border_width__hover_enabled=\u00bboff\u00bb button_border_color__hover_enabled=\u00bboff\u00bb button_one_border_color__hover_enabled=\u00bboff\u00bb button_two_border_color__hover_enabled=\u00bboff\u00bb button_border_radius__hover_enabled=\u00bboff\u00bb button_one_border_radius__hover_enabled=\u00bboff\u00bb button_two_border_radius__hover_enabled=\u00bboff\u00bb button_letter_spacing__hover_enabled=\u00bboff\u00bb button_one_letter_spacing__hover_enabled=\u00bboff\u00bb button_two_letter_spacing__hover_enabled=\u00bboff\u00bb button_bg_color__hover_enabled=\u00bboff\u00bb button_one_bg_color__hover_enabled=\u00bboff\u00bb button_two_bg_color__hover_enabled=\u00bboff\u00bb][\/et_pb_contact_field][et_pb_contact_field field_id=\u00bbMessage\u00bb field_title=\u00bbMessage\u00bb field_type=\u00bbtext\u00bb fullwidth_field=\u00bbon\u00bb _builder_version=\u00bb4.16&#8243; global_colors_info=\u00bb{}\u00bb button_text_size__hover_enabled=\u00bboff\u00bb button_one_text_size__hover_enabled=\u00bboff\u00bb button_two_text_size__hover_enabled=\u00bboff\u00bb button_text_color__hover_enabled=\u00bboff\u00bb button_one_text_color__hover_enabled=\u00bboff\u00bb button_two_text_color__hover_enabled=\u00bboff\u00bb button_border_width__hover_enabled=\u00bboff\u00bb button_one_border_width__hover_enabled=\u00bboff\u00bb button_two_border_width__hover_enabled=\u00bboff\u00bb button_border_color__hover_enabled=\u00bboff\u00bb button_one_border_color__hover_enabled=\u00bboff\u00bb button_two_border_color__hover_enabled=\u00bboff\u00bb button_border_radius__hover_enabled=\u00bboff\u00bb button_one_border_radius__hover_enabled=\u00bboff\u00bb button_two_border_radius__hover_enabled=\u00bboff\u00bb button_letter_spacing__hover_enabled=\u00bboff\u00bb button_one_letter_spacing__hover_enabled=\u00bboff\u00bb button_two_letter_spacing__hover_enabled=\u00bboff\u00bb button_bg_color__hover_enabled=\u00bboff\u00bb button_one_bg_color__hover_enabled=\u00bboff\u00bb button_two_bg_color__hover_enabled=\u00bboff\u00bb][\/et_pb_contact_field][\/et_pb_contact_form][\/et_pb_column][\/et_pb_row][\/et_pb_section]<\/p>\n","protected":false},"excerpt":{"rendered":"<p>Dans la presseLe peintre des hauts sommets de \u00abLa Montagne et Alpinisme\u00bb Extrait du dossier Gabriel Lopp\u00e9, le peintre des hauts sommets de \u00abLa Montagne et Alpinisme\u00bbed.F\u00e9d\u00e9ration Fran\u00e7aise des Clubs Alpins et de MontagneR\u00e9daction : Eliane PatriarcaPhotos @ Pascal Tournaire- L&#8217;offre D\u00e9co &#8211; Article du Dauphin\u00e9, n\u00b0 5 juillet\/ao\u00fbt\/septembre 2019 \u00abGauderique de Vivie est conservatrice [&hellip;]<\/p>\n","protected":false},"author":3,"featured_media":407,"parent":0,"menu_order":0,"comment_status":"closed","ping_status":"closed","template":"","meta":{"_et_pb_use_builder":"on","_et_pb_old_content":"<p>&nbsp;<\/p>\r\n<p>&nbsp;<\/p>\r\n<table style=\"width: 100%;\" cellpadding=\"15\">\r\n<tbody>\r\n<tr>\r\n<td style=\"width: 60%;\">\r\n<h5 style=\"text-align: justify;\"><strong>- L'offre D\u00e9co -<\/strong><\/h5>\r\n<h5 style=\"text-align: justify;\"><strong>Article du Dauphin\u00e9, n\u00b0 5 juillet\/ao\u00fbt\/septembre 2019<\/strong><\/h5>\r\n<h5 style=\"text-align: justify;\">\"Gauderique de Vivie est conservatrice et restauratrice de peinture. Dans son atelier ann\u00e9cien, elle redonne vie \u00e0 des \u0153uvres vari\u00e9es tableaux, sculptures et objets. Des petits formats comme des grands qui n\u00e9cessitent minutie et concentration\u2026\"<\/h5>\r\n<p>&nbsp;<\/p>\r\n<\/td>\r\n<td style=\"width: 40%;\"><a href=\"https:\/\/www.ateliergauderique.com\/wp-content\/uploads\/2019\/07\/Dauphine\u0301.jpg\"><img class=\"aligncenter wp-image-1244\" src=\"https:\/\/www.ateliergauderique.com\/wp-content\/uploads\/2019\/07\/Dauphine\u0301-300x212.jpg\" alt=\"\" width=\"400\" height=\"283\" \/><\/a><\/td>\r\n<\/tr>\r\n<\/tbody>\r\n<\/table>\r\n<p>&nbsp;<\/p>\r\n<table style=\"width: 100%;\" cellpadding=\"15\">\r\n<tbody>\r\n<tr>\r\n<td style=\"width: 35%;\"><iframe src=\"\/\/www.youtube.com\/embed\/MsVK0NHuC4g\" width=\"400\" height=\"320\" allowfullscreen=\"allowfullscreen\"><span data-mce-type=\"bookmark\" style=\"display: inline-block; width: 0px; overflow: hidden; line-height: 0;\" class=\"mce_SELRES_start\">\ufeff<\/span><span data-mce-type=\"bookmark\" style=\"display: inline-block; width: 0px; overflow: hidden; line-height: 0;\" class=\"mce_SELRES_start\">\ufeff<\/span><\/iframe><\/td>\r\n<td style=\"width: 65%;\">\r\n<h5 style=\"text-align: right;\"><strong>La Restauration en Vid\u00e9o<\/strong><\/h5>\r\n<h5 style=\"text-align: right;\">Reportage de France 3 r\u00e9gion du 29 Novembre 2018 : Femmes de l'Art<\/h5>\r\n<h5 style=\"text-align: right;\">Pr\u00e9sentation du m\u00e9tier de Conservation et Restauration des peintures.<\/h5>\r\n<h5 style=\"text-align: justify;\">\u00a0<\/h5>\r\n<\/td>\r\n<\/tr>\r\n<\/tbody>\r\n<\/table>","_et_gb_content_width":"","footnotes":""},"class_list":["post-1355","page","type-page","status-publish","has-post-thumbnail","hentry"],"_links":{"self":[{"href":"https:\/\/www.ateliergauderique.com\/es\/wp-json\/wp\/v2\/pages\/1355","targetHints":{"allow":["GET"]}}],"collection":[{"href":"https:\/\/www.ateliergauderique.com\/es\/wp-json\/wp\/v2\/pages"}],"about":[{"href":"https:\/\/www.ateliergauderique.com\/es\/wp-json\/wp\/v2\/types\/page"}],"author":[{"embeddable":true,"href":"https:\/\/www.ateliergauderique.com\/es\/wp-json\/wp\/v2\/users\/3"}],"replies":[{"embeddable":true,"href":"https:\/\/www.ateliergauderique.com\/es\/wp-json\/wp\/v2\/comments?post=1355"}],"version-history":[{"count":5,"href":"https:\/\/www.ateliergauderique.com\/es\/wp-json\/wp\/v2\/pages\/1355\/revisions"}],"predecessor-version":[{"id":1443,"href":"https:\/\/www.ateliergauderique.com\/es\/wp-json\/wp\/v2\/pages\/1355\/revisions\/1443"}],"wp:featuredmedia":[{"embeddable":true,"href":"https:\/\/www.ateliergauderique.com\/es\/wp-json\/wp\/v2\/media\/407"}],"wp:attachment":[{"href":"https:\/\/www.ateliergauderique.com\/es\/wp-json\/wp\/v2\/media?parent=1355"}],"curies":[{"name":"wp","href":"https:\/\/api.w.org\/{rel}","templated":true}]}}