{"id":6,"date":"2015-10-26T20:25:58","date_gmt":"2015-10-26T20:25:58","guid":{"rendered":"http:\/\/gauderique.wepc.fr\/?page_id=6"},"modified":"2024-06-30T06:55:03","modified_gmt":"2024-06-30T06:55:03","slug":"conservation-et-restauration","status":"publish","type":"page","link":"https:\/\/www.ateliergauderique.com\/es\/","title":{"rendered":"Accueil Atelier Gaud\u00e9rique"},"content":{"rendered":"<p>[et_pb_section fb_built=\u00bb1&#8243; fullwidth=\u00bbon\u00bb _builder_version=\u00bb4.6.0&#8243; _module_preset=\u00bbdefault\u00bb background_color=\u00bb#ec7063&#8243; height=\u00bb5px\u00bb custom_margin=\u00bb5px||||false|false\u00bb custom_padding=\u00bb||||false|false\u00bb border_color_top=\u00bb#ffffff\u00bb border_style_top=\u00bbnone\u00bb global_module=\u00bb1301&#8243; saved_tabs=\u00bball\u00bb global_colors_info=\u00bb{}\u00bb][\/et_pb_section][et_pb_section fb_built=\u00bb1&#8243; admin_label=\u00bbsection\u00bb _builder_version=\u00bb4.16&#8243; background_color=\u00bbrgba(236,112,99,0)\u00bb use_background_color_gradient=\u00bbon\u00bb background_color_gradient_stops=\u00bbrgba(236,112,99,0.37) 0%|rgba(122,122,122,0) 100%\u00bb background_color_gradient_start=\u00bbrgba(236,112,99,0.37)\u00bb background_color_gradient_end=\u00bbrgba(122,122,122,0)\u00bb custom_padding=\u00bb1%||1%||false|false\u00bb global_colors_info=\u00bb{}\u00bb][et_pb_row _builder_version=\u00bb4.16&#8243; _module_preset=\u00bbdefault\u00bb global_colors_info=\u00bb{}\u00bb][et_pb_column type=\u00bb4_4&#8243; _builder_version=\u00bb4.16&#8243; _module_preset=\u00bbdefault\u00bb global_colors_info=\u00bb{}\u00bb][et_pb_text _builder_version=\u00bb4.16&#8243; _module_preset=\u00bbdefault\u00bb global_colors_info=\u00bb{}\u00bb]<\/p>\n<h1>Atelier de Restauration et de Conservation \u00e0 Annecy.<\/h1>\n<p>[\/et_pb_text][\/et_pb_column][\/et_pb_row][\/et_pb_section][et_pb_section fb_built=\u00bb1&#8243; admin_label=\u00bbsection\u00bb _builder_version=\u00bb4.16&#8243; custom_padding=\u00bb1%||1%||false|false\u00bb global_colors_info=\u00bb{}\u00bb][et_pb_row _builder_version=\u00bb4.16&#8243; _module_preset=\u00bbdefault\u00bb global_colors_info=\u00bb{}\u00bb][et_pb_column type=\u00bb4_4&#8243; _builder_version=\u00bb4.16&#8243; _module_preset=\u00bbdefault\u00bb global_colors_info=\u00bb{}\u00bb][et_pb_gallery gallery_ids=\u00bb280,235,233&#8243; gallery_orderby=\u00bbrand\u00bb fullwidth=\u00bbon\u00bb _builder_version=\u00bb4.16&#8243; _module_preset=\u00bbdefault\u00bb background_color=\u00bbrgba(0,0,0,0)\u00bb auto=\u00bbon\u00bb auto_speed=\u00bb6000&#8243; global_colors_info=\u00bb{}\u00bb][\/et_pb_gallery][\/et_pb_column][\/et_pb_row][\/et_pb_section][et_pb_section fb_built=\u00bb1&#8243; _builder_version=\u00bb4.16&#8243; _module_preset=\u00bbdefault\u00bb background_color=\u00bbrgba(120,40,17,0.13)\u00bb custom_padding=\u00bb0px||1%||false|false\u00bb global_colors_info=\u00bb{}\u00bb][et_pb_row _builder_version=\u00bb4.16&#8243; _module_preset=\u00bbdefault\u00bb global_colors_info=\u00bb{}\u00bb][et_pb_column type=\u00bb4_4&#8243; _builder_version=\u00bb4.16&#8243; _module_preset=\u00bbdefault\u00bb global_colors_info=\u00bb{}\u00bb][et_pb_text admin_label=\u00bbText\u00bb _builder_version=\u00bb4.22.2&#8243; text_font_size=\u00bb18px\u00bb background_size=\u00bbinitial\u00bb background_position=\u00bbtop_left\u00bb background_repeat=\u00bbrepeat\u00bb locked=\u00bboff\u00bb global_colors_info=\u00bb{}\u00bb]<\/p>\n<h4 style=\"text-align: justify;\"><\/h4>\n<h1 style=\"text-align: center;\"><span style=\"font-weight: 400;\">20 ans\u00a0!!<\/span><\/h1>\n<p><span style=\"font-weight: 400;\"><\/span><\/p>\n<p style=\"text-align: justify;\"><span style=\"font-weight: 400;\">Apr\u00e8s des \u00e9tudes universitaires d\u2019histoire de l\u2019art \u00e0 Paris X\u2026 puis une formation longue en atelier au Studio Genovesio \u00e0 Saint Ouen, et un parcourt suivi de nombreuses mises \u00e0 niveau sur les derni\u00e8res techniques\u00a0de restauration \u2026.<\/span><\/p>\n<p style=\"text-align: justify;\"><span style=\"font-weight: 400;\"><\/span><\/p>\n<h2 style=\"text-align: center;\"><span style=\"font-weight: 400;\">L\u2019atelier a ouvert ses portes \u00e0 Annecy en octobre 2003<\/span><\/h2>\n<p><span style=\"font-weight: 400;\"><\/span><\/p>\n<p style=\"text-align: justify;\"><span style=\"font-weight: 400;\">Depuis de nombreux travaux ont \u00e9t\u00e9 r\u00e9alis\u00e9s sur des \u0153uvres d\u2019artistes inconnus ou de maitres de la peinture des 17<\/span><span style=\"font-weight: 400;\">\u00e8me<\/span><span style=\"font-weight: 400;\">, 18<\/span><span style=\"font-weight: 400;\">\u00e8me<\/span><span style=\"font-weight: 400;\"> 19 \u00e8me et 20<\/span><span style=\"font-weight: 400;\">\u00e8me<\/span><span style=\"font-weight: 400;\"> si\u00e8cles.<\/span> <span style=\"font-weight: 400;\">Je travaille principalement pour des clients professionnels du march\u00e9 de l\u2019art, antiquaires, galeristes, commissaires-priseurs et des particuliers, mais aussi pour des organismes institutionnels, mairies, associations de protection du patrimoine, en France et \u00e0 l\u2019\u00e9tranger. Je parle Anglais et Italien.<\/span><\/p>\n<h3 style=\"text-align: center;\"><span style=\"font-weight: 400;\">Conservation et restauration des cadres et de sculptures polychromes.\u00a0<\/span><\/h3>\n<p><span style=\"font-weight: 400;\"><\/span><\/p>\n<p style=\"text-align: justify;\"><span style=\"font-weight: 400;\">J\u2019interviens sur des \u0153uvres de tr\u00e8s grande taille, Gabriel Lopp\u00e9 (1825-1913) Vue du Cervin (4 x 3 m) ou des miniatures de m\u00e9daillons. J\u2019apporte le m\u00eame soin et la m\u00eame attention \u00e0 chacun de ces objets.<\/span><\/p>\n<p style=\"text-align: justify;\"><span style=\"font-weight: 400;\">Mon m\u00e9tier de restauratrice s\u2019articule autour de deux postes compl\u00e9mentaires\u00a0:<\/span><\/p>\n<p style=\"text-align: justify;\"><b>La conservation<\/b><span style=\"font-weight: 400;\">, pr\u00e9ventive et curative, s\u2019occupe de\u00a0 tout ce qui concerne l\u2019\u00e9tat du support, toile, bois, m\u00e9tal, ivoire\u2026..\u00a0 et de son unit\u00e9 avec la couche picturale. Refixage, pose de pi\u00e8ce, fil \u00e0 fil sur les d\u00e9chirures, rentoilage\u2026.etc<\/span><\/p>\n<p style=\"text-align: justify;\"><b>La restauration<\/b><span style=\"font-weight: 400;\"> prend soin de la couche picturale, de sa propret\u00e9, de l\u2019\u00e9tat du vernis oxyd\u00e9, du masticage, de la r\u00e9int\u00e9gration color\u00e9e sur les lacunes, du vernis final.<\/span><\/p>\n<p style=\"text-align: justify;\"><span style=\"font-weight: 400;\">Apr\u00e8s une \u00e9tude pr\u00e9cise de l\u2019\u0153uvre, je vous \u00e9tablis un diagnostic, et un devis gratuit. Je peux \u00e9galement me d\u00e9placer cher vous.\u00a0\u00a0\u00a0<\/span><\/p>\n<p style=\"text-align: justify;\"><span style=\"font-weight: 400;\">Chaque \u0153uvre est unique et appelle un certain regard en profondeur et dans sa mati\u00e8re m\u00eame, de la patience et du respect. Je vous propose un travail fin et soign\u00e9, ex\u00e9cut\u00e9 dans le respect des notions d\u00e9ontologiques de r\u00e9versibilit\u00e9 et de stabilit\u00e9 des interventions. Un dossier technique et photographique peut \u00eatre r\u00e9alis\u00e9 sur demande.<\/span><\/p>\n<h4 style=\"text-align: justify;\"><span style=\"font-size: 18px; text-align: left;\"><\/h4>\n<p>[\/et_pb_text][\/et_pb_column][\/et_pb_row][\/et_pb_section][et_pb_section fb_built=\u00bb1&#8243; admin_label=\u00bbsection\u00bb _builder_version=\u00bb4.22.1&#8243; background_color=\u00bbrgba(136,196,221,0.1)\u00bb custom_padding=\u00bb1%||1%||false|false\u00bb global_colors_info=\u00bb{}\u00bb][et_pb_row column_structure=\u00bb2_5,3_5&#8243; _builder_version=\u00bb4.16&#8243; _module_preset=\u00bbdefault\u00bb global_colors_info=\u00bb{}\u00bb][et_pb_column type=\u00bb2_5&#8243; _builder_version=\u00bb4.16&#8243; _module_preset=\u00bbdefault\u00bb global_colors_info=\u00bb{}\u00bb][et_pb_text _builder_version=\u00bb4.20.4&#8243; _module_preset=\u00bbdefault\u00bb header_4_line_height=\u00bb1.5em\u00bb global_colors_info=\u00bb{}\u00bb]<\/p>\n<h4 style=\"text-align: justify;\"><strong>EXPOSITION : \u00ab Gabriel Lopp\u00e9, artiste, alpiniste et voyageur \u00bb<\/strong><\/h4>\n<h4 style=\"text-align: justify;\"><\/h4>\n<h4 style=\"text-align: justify;\">Du 17 d\u00e9cembre 2022<\/h4>\n<h4 style=\"text-align: justify; padding-left: 40px;\">au <strong>1 mai 2024 (prolong\u00e9)<\/strong><\/h4>\n<h4 style=\"text-align: justify;\">Fort de Bard, vall\u00e9e d\u2019Aoste, Italie<\/h4>\n<p>[\/et_pb_text][et_pb_button button_url=\u00bb@ET-DC@eyJkeW5hbWljIjp0cnVlLCJjb250ZW50IjoicG9zdF9saW5rX3VybF9wYWdlIiwic2V0dGluZ3MiOnsicG9zdF9pZCI6IjEzNTUifX0=@\u00bb button_text=\u00bbLire la suite\u00bb button_alignment=\u00bbright\u00bb _builder_version=\u00bb4.22.2&#8243; _dynamic_attributes=\u00bbbutton_url\u00bb _module_preset=\u00bbdefault\u00bb custom_button=\u00bbon\u00bb button_text_color=\u00bb#6B6B6B\u00bb button_border_color=\u00bb#B6C8CE\u00bb button_use_icon=\u00bboff\u00bb global_colors_info=\u00bb{}\u00bb][\/et_pb_button][\/et_pb_column][et_pb_column type=\u00bb3_5&#8243; _builder_version=\u00bb4.22.1&#8243; _module_preset=\u00bbdefault\u00bb global_colors_info=\u00bb{}\u00bb][et_pb_image src=\u00bbhttps:\/\/www.ateliergauderique.com\/wp-content\/uploads\/2023\/09\/EXPOSITION-Gabriel-Loppe-artiste-alpiniste-et-voyageur.png\u00bb alt=\u00bbEXPOSITION : \u00ab Gabriel Lopp\u00e9, artiste, alpiniste et voyageur \u00bb<br \/>\nDATES : Du 17 d\u00e9cembre 2022 \u2013 14 janvier 2024<br \/>\nLIEU : Fort de Bard, vall\u00e9e d\u2019Aoste, Italie\u00bb title_text=\u00bbEXPOSITION Gabriel Lopp\u00e9 artiste alpiniste et voyageur\u00bb _builder_version=\u00bb4.22.1&#8243; _module_preset=\u00bbdefault\u00bb global_colors_info=\u00bb{}\u00bb][\/et_pb_image][\/et_pb_column][\/et_pb_row][\/et_pb_section][et_pb_section fb_built=\u00bb1&#8243; admin_label=\u00bbsection\u00bb _builder_version=\u00bb4.16&#8243; custom_padding=\u00bb1%||1%||false|false\u00bb global_colors_info=\u00bb{}\u00bb][et_pb_row column_structure=\u00bb3_5,2_5&#8243; _builder_version=\u00bb4.16&#8243; _module_preset=\u00bbdefault\u00bb global_colors_info=\u00bb{}\u00bb][et_pb_column type=\u00bb3_5&#8243; _builder_version=\u00bb4.16&#8243; _module_preset=\u00bbdefault\u00bb global_colors_info=\u00bb{}\u00bb][et_pb_video src=\u00bbhttps:\/\/www.youtube.com\/watch?v=uLip0yllGeM\u00bb _builder_version=\u00bb4.16&#8243; _module_preset=\u00bbdefault\u00bb global_colors_info=\u00bb{}\u00bb][\/et_pb_video][\/et_pb_column][et_pb_column type=\u00bb2_5&#8243; _builder_version=\u00bb4.16&#8243; _module_preset=\u00bbdefault\u00bb global_colors_info=\u00bb{}\u00bb][et_pb_text _builder_version=\u00bb4.20.4&#8243; _module_preset=\u00bbdefault\u00bb header_4_line_height=\u00bb1.5em\u00bb global_colors_info=\u00bb{}\u00bb]<\/p>\n<h4 style=\"text-align: justify;\"><strong>Conservation puis restauration du \u00abCERVIN\u00bb de Gabriel Lopp\u00e9 (1825-1913). <\/strong><\/h4>\n<h4 style=\"text-align: justify;\"><\/h4>\n<h4 style=\"text-align: justify;\">Huile sur toile 4X3 m\u00e8tres.<\/h4>\n<h4 style=\"text-align: justify;\">Novembre\/D\u00e9cembre 2014 par Gaud\u00e9rique de Vivie, restauratrice d&#8217;art.<\/h4>\n<h4 style=\"text-align: justify;\">Oeuvre actuellement expos\u00e9e au Mus\u00e9e Alpin de Chamonix.<\/h4>\n<h4 style=\"text-align: justify;\"><\/h4>\n<h4 style=\"text-align: justify;\">Restauration effectu\u00e9e dans le cadre des festivit\u00e9s des 150 ans de l&#8217;\u00e2ge d&#8217;or de l&#8217;alpinisme 1865-2015, et l&#8217;exposition des tr\u00e9sors de l&#8217;Alpine Club de Londres jusqu&#8217;en 16 avril 2016.<\/h4>\n<p>[\/et_pb_text][\/et_pb_column][\/et_pb_row][\/et_pb_section][et_pb_section fb_built=\u00bb1&#8243; _builder_version=\u00bb4.16&#8243; _module_preset=\u00bbdefault\u00bb background_color=\u00bbrgba(160,235,0,0.11)\u00bb custom_margin=\u00bb||||false|false\u00bb custom_padding=\u00bb1%||1%||false|false\u00bb locked=\u00bboff\u00bb global_colors_info=\u00bb{}\u00bb][et_pb_row column_structure=\u00bb1_4,3_4&#8243; _builder_version=\u00bb4.16&#8243; _module_preset=\u00bbdefault\u00bb global_colors_info=\u00bb{}\u00bb][et_pb_column type=\u00bb1_4&#8243; _builder_version=\u00bb4.16&#8243; _module_preset=\u00bbdefault\u00bb global_colors_info=\u00bb{}\u00bb][et_pb_image src=\u00bbhttps:\/\/www.ateliergauderique.com\/wp-content\/uploads\/2020\/09\/logo-partenaire-utilisateur-01-1.png\u00bb title_text=\u00bblogo partenaire utilisateur\u00bb _builder_version=\u00bb4.16&#8243; _module_preset=\u00bbdefault\u00bb global_colors_info=\u00bb{}\u00bb][\/et_pb_image][\/et_pb_column][et_pb_column type=\u00bb3_4&#8243; _builder_version=\u00bb4.16&#8243; _module_preset=\u00bbdefault\u00bb global_colors_info=\u00bb{}\u00bb][et_pb_text _builder_version=\u00bb4.20.4&#8243; _module_preset=\u00bbdefault\u00bb global_colors_info=\u00bb{}\u00bb]<\/p>\n<h4><strong>Mars 2019<\/strong>\u00a0: Stage de formation\u00a0par Ecosph\u2019R\u00a0aux ECO-SOLVANTS: approche et utilisation appliqu\u00e9e aux objets d\u2019art de nettoyants et solvants LABOVERT, \u00e9co-responsables qui ne sont pas class\u00e9s CMR (Canc\u00e9rig\u00e8ne, Mutag\u00e8ne, reprotoxique) ils sont non inflammables et non soumis \u00e0 un \u00e9quipement lourd de protection;<\/h4>\n<h4>J\u2019ai donc remplac\u00e9 les solvants classiques par des produits \u00e9quivalents mais non toxiques pour l\u2019environnement, car issus de composants renouvelables et recyclables; ils sont parfaitement efficaces et offrent un travail de qualit\u00e9.<\/h4>\n<p>[\/et_pb_text][\/et_pb_column][\/et_pb_row][\/et_pb_section][et_pb_section fb_built=\u00bb1&#8243; fullwidth=\u00bbon\u00bb _builder_version=\u00bb4.16&#8243; _module_preset=\u00bbdefault\u00bb background_color=\u00bb#78281f\u00bb height=\u00bb5px\u00bb custom_margin=\u00bb5px||||false|false\u00bb custom_padding=\u00bb||||false|false\u00bb border_color_top=\u00bb#ffffff\u00bb border_style_top=\u00bbnone\u00bb global_colors_info=\u00bb{}\u00bb][\/et_pb_section][et_pb_section fb_built=\u00bb1&#8243; _builder_version=\u00bb4.6.0&#8243; _module_preset=\u00bbdefault\u00bb background_color=\u00bbrgba(120,40,17,0.13)\u00bb global_module=\u00bb1302&#8243; saved_tabs=\u00bball\u00bb global_colors_info=\u00bb{}\u00bb][et_pb_row _builder_version=\u00bb4.16&#8243; _module_preset=\u00bbdefault\u00bb global_colors_info=\u00bb{}\u00bb][et_pb_column type=\u00bb4_4&#8243; _builder_version=\u00bb4.16&#8243; _module_preset=\u00bbdefault\u00bb global_colors_info=\u00bb{}\u00bb][et_pb_contact_form title=\u00bbFormulaire de Contact\u00bb success_message=\u00bbMerci pour votre message\u00bb _builder_version=\u00bb4.25.2&#8243; _module_preset=\u00bbdefault\u00bb _unique_id=\u00bbd2604943-9767-4b4a-bfe2-dfc2a7ad20ed\u00bb form_field_background_color=\u00bbrgba(120,40,17,0.13)\u00bb form_field_text_color=\u00bb#5a0c1c\u00bb title_text_color=\u00bb#5a0c1c\u00bb captcha_font=\u00bb|700|||||||\u00bb captcha_text_color=\u00bb#474747&#8243; captcha_font_size=\u00bb20px\u00bb background_color=\u00bbrgba(0,0,0,0)\u00bb custom_button=\u00bbon\u00bb button_text_size=\u00bb20px\u00bb button_text_color=\u00bb#e09900&#8243; button_border_width=\u00bb4px\u00bb button_border_radius=\u00bb10px\u00bb button_letter_spacing=\u00bb3px\u00bb hover_enabled=\u00bb0&#8243; global_colors_info=\u00bb{}\u00bb use_spam_service=\u00bbon\u00bb sticky_enabled=\u00bb0&#8243;][et_pb_contact_field field_id=\u00bbName\u00bb field_title=\u00bbNom\u00bb _builder_version=\u00bb4.16&#8243; global_colors_info=\u00bb{}\u00bb button_text_size__hover_enabled=\u00bboff\u00bb button_one_text_size__hover_enabled=\u00bboff\u00bb button_two_text_size__hover_enabled=\u00bboff\u00bb button_text_color__hover_enabled=\u00bboff\u00bb button_one_text_color__hover_enabled=\u00bboff\u00bb button_two_text_color__hover_enabled=\u00bboff\u00bb button_border_width__hover_enabled=\u00bboff\u00bb button_one_border_width__hover_enabled=\u00bboff\u00bb button_two_border_width__hover_enabled=\u00bboff\u00bb button_border_color__hover_enabled=\u00bboff\u00bb button_one_border_color__hover_enabled=\u00bboff\u00bb button_two_border_color__hover_enabled=\u00bboff\u00bb button_border_radius__hover_enabled=\u00bboff\u00bb button_one_border_radius__hover_enabled=\u00bboff\u00bb button_two_border_radius__hover_enabled=\u00bboff\u00bb button_letter_spacing__hover_enabled=\u00bboff\u00bb button_one_letter_spacing__hover_enabled=\u00bboff\u00bb button_two_letter_spacing__hover_enabled=\u00bboff\u00bb button_bg_color__hover_enabled=\u00bboff\u00bb button_one_bg_color__hover_enabled=\u00bboff\u00bb button_two_bg_color__hover_enabled=\u00bboff\u00bb][\/et_pb_contact_field][et_pb_contact_field field_id=\u00bbEmail\u00bb field_title=\u00bbAdresse e-mail\u00bb field_type=\u00bbemail\u00bb _builder_version=\u00bb4.16&#8243; global_colors_info=\u00bb{}\u00bb button_text_size__hover_enabled=\u00bboff\u00bb button_one_text_size__hover_enabled=\u00bboff\u00bb button_two_text_size__hover_enabled=\u00bboff\u00bb button_text_color__hover_enabled=\u00bboff\u00bb button_one_text_color__hover_enabled=\u00bboff\u00bb button_two_text_color__hover_enabled=\u00bboff\u00bb button_border_width__hover_enabled=\u00bboff\u00bb button_one_border_width__hover_enabled=\u00bboff\u00bb button_two_border_width__hover_enabled=\u00bboff\u00bb button_border_color__hover_enabled=\u00bboff\u00bb button_one_border_color__hover_enabled=\u00bboff\u00bb button_two_border_color__hover_enabled=\u00bboff\u00bb button_border_radius__hover_enabled=\u00bboff\u00bb button_one_border_radius__hover_enabled=\u00bboff\u00bb button_two_border_radius__hover_enabled=\u00bboff\u00bb button_letter_spacing__hover_enabled=\u00bboff\u00bb button_one_letter_spacing__hover_enabled=\u00bboff\u00bb button_two_letter_spacing__hover_enabled=\u00bboff\u00bb button_bg_color__hover_enabled=\u00bboff\u00bb button_one_bg_color__hover_enabled=\u00bboff\u00bb button_two_bg_color__hover_enabled=\u00bboff\u00bb][\/et_pb_contact_field][et_pb_contact_field field_id=\u00bbMessage\u00bb field_title=\u00bbMessage\u00bb field_type=\u00bbtext\u00bb fullwidth_field=\u00bbon\u00bb _builder_version=\u00bb4.16&#8243; global_colors_info=\u00bb{}\u00bb button_text_size__hover_enabled=\u00bboff\u00bb button_one_text_size__hover_enabled=\u00bboff\u00bb button_two_text_size__hover_enabled=\u00bboff\u00bb button_text_color__hover_enabled=\u00bboff\u00bb button_one_text_color__hover_enabled=\u00bboff\u00bb button_two_text_color__hover_enabled=\u00bboff\u00bb button_border_width__hover_enabled=\u00bboff\u00bb button_one_border_width__hover_enabled=\u00bboff\u00bb button_two_border_width__hover_enabled=\u00bboff\u00bb button_border_color__hover_enabled=\u00bboff\u00bb button_one_border_color__hover_enabled=\u00bboff\u00bb button_two_border_color__hover_enabled=\u00bboff\u00bb button_border_radius__hover_enabled=\u00bboff\u00bb button_one_border_radius__hover_enabled=\u00bboff\u00bb button_two_border_radius__hover_enabled=\u00bboff\u00bb button_letter_spacing__hover_enabled=\u00bboff\u00bb button_one_letter_spacing__hover_enabled=\u00bboff\u00bb button_two_letter_spacing__hover_enabled=\u00bboff\u00bb button_bg_color__hover_enabled=\u00bboff\u00bb button_one_bg_color__hover_enabled=\u00bboff\u00bb button_two_bg_color__hover_enabled=\u00bboff\u00bb][\/et_pb_contact_field][\/et_pb_contact_form][\/et_pb_column][\/et_pb_row][\/et_pb_section][et_pb_section fb_built=\u00bb1&#8243; _builder_version=\u00bb4.16&#8243; _module_preset=\u00bbdefault\u00bb global_colors_info=\u00bb{}\u00bb][\/et_pb_section]<\/p>\n","protected":false},"excerpt":{"rendered":"<p>Atelier de Restauration et de Conservation \u00e0 Annecy. 20 ans\u00a0!! Apr\u00e8s des \u00e9tudes universitaires d\u2019histoire de l\u2019art \u00e0 Paris X\u2026 puis une formation longue en atelier au Studio Genovesio \u00e0 Saint Ouen, et un parcourt suivi de nombreuses mises \u00e0 niveau sur les derni\u00e8res techniques\u00a0de restauration \u2026. L\u2019atelier a ouvert ses portes \u00e0 Annecy en [&hellip;]<\/p>\n","protected":false},"author":3,"featured_media":407,"parent":0,"menu_order":0,"comment_status":"closed","ping_status":"closed","template":"","meta":{"_et_pb_use_builder":"on","_et_pb_old_content":"<p>&nbsp;<\/p>\r\n<p>&nbsp;<\/p>\r\n<table style=\"width: 100%;\" cellpadding=\"15\">\r\n<tbody>\r\n<tr>\r\n<td style=\"width: 60%;\">\r\n<h5 style=\"text-align: justify;\"><strong>- L'offre D\u00e9co -<\/strong><\/h5>\r\n<h5 style=\"text-align: justify;\"><strong>Article du Dauphin\u00e9, n\u00b0 5 juillet\/ao\u00fbt\/septembre 2019<\/strong><\/h5>\r\n<h5 style=\"text-align: justify;\">\"Gauderique de Vivie est conservatrice et restauratrice de peinture. Dans son atelier ann\u00e9cien, elle redonne vie \u00e0 des \u0153uvres vari\u00e9es tableaux, sculptures et objets. Des petits formats comme des grands qui n\u00e9cessitent minutie et concentration\u2026\"<\/h5>\r\n<p>&nbsp;<\/p>\r\n<\/td>\r\n<td style=\"width: 40%;\"><a href=\"https:\/\/www.ateliergauderique.com\/wp-content\/uploads\/2019\/07\/Dauphine\u0301.jpg\"><img class=\"aligncenter wp-image-1244\" src=\"https:\/\/www.ateliergauderique.com\/wp-content\/uploads\/2019\/07\/Dauphine\u0301-300x212.jpg\" alt=\"\" width=\"400\" height=\"283\" \/><\/a><\/td>\r\n<\/tr>\r\n<\/tbody>\r\n<\/table>\r\n<p>&nbsp;<\/p>\r\n<table style=\"width: 100%;\" cellpadding=\"15\">\r\n<tbody>\r\n<tr>\r\n<td style=\"width: 35%;\"><iframe src=\"\/\/www.youtube.com\/embed\/MsVK0NHuC4g\" width=\"400\" height=\"320\" allowfullscreen=\"allowfullscreen\"><span data-mce-type=\"bookmark\" style=\"display: inline-block; width: 0px; overflow: hidden; line-height: 0;\" class=\"mce_SELRES_start\">\ufeff<\/span><span data-mce-type=\"bookmark\" style=\"display: inline-block; width: 0px; overflow: hidden; line-height: 0;\" class=\"mce_SELRES_start\">\ufeff<\/span><\/iframe><\/td>\r\n<td style=\"width: 65%;\">\r\n<h5 style=\"text-align: right;\"><strong>La Restauration en Vid\u00e9o<\/strong><\/h5>\r\n<h5 style=\"text-align: right;\">Reportage de France 3 r\u00e9gion du 29 Novembre 2018 : Femmes de l'Art<\/h5>\r\n<h5 style=\"text-align: right;\">Pr\u00e9sentation du m\u00e9tier de Conservation et Restauration des peintures.<\/h5>\r\n<h5 style=\"text-align: justify;\">\u00a0<\/h5>\r\n<\/td>\r\n<\/tr>\r\n<\/tbody>\r\n<\/table>","_et_gb_content_width":"","footnotes":""},"class_list":["post-6","page","type-page","status-publish","has-post-thumbnail","hentry"],"_links":{"self":[{"href":"https:\/\/www.ateliergauderique.com\/es\/wp-json\/wp\/v2\/pages\/6","targetHints":{"allow":["GET"]}}],"collection":[{"href":"https:\/\/www.ateliergauderique.com\/es\/wp-json\/wp\/v2\/pages"}],"about":[{"href":"https:\/\/www.ateliergauderique.com\/es\/wp-json\/wp\/v2\/types\/page"}],"author":[{"embeddable":true,"href":"https:\/\/www.ateliergauderique.com\/es\/wp-json\/wp\/v2\/users\/3"}],"replies":[{"embeddable":true,"href":"https:\/\/www.ateliergauderique.com\/es\/wp-json\/wp\/v2\/comments?post=6"}],"version-history":[{"count":106,"href":"https:\/\/www.ateliergauderique.com\/es\/wp-json\/wp\/v2\/pages\/6\/revisions"}],"predecessor-version":[{"id":1454,"href":"https:\/\/www.ateliergauderique.com\/es\/wp-json\/wp\/v2\/pages\/6\/revisions\/1454"}],"wp:featuredmedia":[{"embeddable":true,"href":"https:\/\/www.ateliergauderique.com\/es\/wp-json\/wp\/v2\/media\/407"}],"wp:attachment":[{"href":"https:\/\/www.ateliergauderique.com\/es\/wp-json\/wp\/v2\/media?parent=6"}],"curies":[{"name":"wp","href":"https:\/\/api.w.org\/{rel}","templated":true}]}}